{"id":14767,"date":"2024-06-25T11:01:21","date_gmt":"2024-06-25T09:01:21","guid":{"rendered":"https:\/\/eam-scientific.com\/?page_id=14767"},"modified":"2024-06-28T08:27:20","modified_gmt":"2024-06-28T06:27:20","slug":"impressum","status":"publish","type":"page","link":"https:\/\/eam-scientific.com\/de\/impressum\/","title":{"rendered":"Impressum"},"content":{"rendered":"\n<p><strong>E&amp;M SCIENTIFIC<\/strong><br>KIZILIRMAK MAH. UFUK \u00dcNIVERSITESI CAD. <br>NO: 18 I\u00c7 KAPI NO. 44 <br>\u00c7ANKAYA \/ ANKARA<br><br>Telefon +90\u00a0555\u00a0823\u00a016\u00a017 <br>E-Mail <a href=\"tel:123-456-7890\">info@eam-scientific.com<\/a><\/p>\n\n\n\n<p><\/p>\n","protected":false},"excerpt":{"rendered":"<p>E&amp;M SCIENTIFICKIZILIRMAK MAH. UFUK \u00dcNIVERSITESI CAD. NO: 18 I\u00c7 KAPI NO. 44 \u00c7ANKAYA \/ ANKARA Telefon +90\u00a0555\u00a0823\u00a016\u00a017 E-Mail info@eam-scientific.com<\/p>\n","protected":false},"author":1,"featured_media":0,"parent":0,"menu_order":0,"comment_status":"closed","ping_status":"closed","template":"","meta":{"footnotes":""},"class_list":["post-14767","page","type-page","status-publish","hentry"],"_links":{"self":[{"href":"https:\/\/eam-scientific.com\/de\/wp-json\/wp\/v2\/pages\/14767","targetHints":{"allow":["GET"]}}],"collection":[{"href":"https:\/\/eam-scientific.com\/de\/wp-json\/wp\/v2\/pages"}],"about":[{"href":"https:\/\/eam-scientific.com\/de\/wp-json\/wp\/v2\/types\/page"}],"author":[{"embeddable":true,"href":"https:\/\/eam-scientific.com\/de\/wp-json\/wp\/v2\/users\/1"}],"replies":[{"embeddable":true,"href":"https:\/\/eam-scientific.com\/de\/wp-json\/wp\/v2\/comments?post=14767"}],"version-history":[{"count":4,"href":"https:\/\/eam-scientific.com\/de\/wp-json\/wp\/v2\/pages\/14767\/revisions"}],"predecessor-version":[{"id":15059,"href":"https:\/\/eam-scientific.com\/de\/wp-json\/wp\/v2\/pages\/14767\/revisions\/15059"}],"wp:attachment":[{"href":"https:\/\/eam-scientific.com\/de\/wp-json\/wp\/v2\/media?parent=14767"}],"curies":[{"name":"wp","href":"https:\/\/api.w.org\/{rel}","templated":true}]}}