{"id":3,"date":"2024-06-17T17:12:11","date_gmt":"2024-06-17T17:12:11","guid":{"rendered":"https:\/\/eam-scientific.com\/?page_id=3"},"modified":"2024-06-25T11:29:20","modified_gmt":"2024-06-25T09:29:20","slug":"datenschutz","status":"publish","type":"page","link":"https:\/\/eam-scientific.com\/de\/datenschutz\/","title":{"rendered":"Datenschutzerkl\u00e4rung"},"content":{"rendered":"\n<h3 class=\"wp-block-heading\">1. Verantwortlicher<\/h3>\n\n\n\n<p>E&amp;M Scientific<br>KIZILIRMAK MAH. UFUK \u00dcNIVERSITESI CAD. NO: 18 I\u00c7 KAPI NO. 44<br>\u00c7ANKAYA \/ ANKARA<br>E-Mail: <a>info@eam-scientific.com<\/a><\/p>\n\n\n\n<h3 class=\"wp-block-heading\">2. Erhebung und Speicherung personenbezogener Daten<\/h3>\n\n\n\n<p>Wir erheben, verarbeiten und nutzen Ihre personenbezogenen Daten nur mit Ihrer Einwilligung oder wenn eine gesetzliche Erlaubnis besteht. Wir erheben nur die Daten, die f\u00fcr die Durchf\u00fchrung und Abwicklung unserer Dienstleistungen und die Nutzung unserer Webseite erforderlich sind.<\/p>\n\n\n\n<h3 class=\"wp-block-heading\">3. Datenverarbeitung auf der Webseite<\/h3>\n\n\n\n<p>Beim Besuch unserer Webseite werden automatisch Informationen erfasst, wie IP-Adresse, Browsertyp, Betriebssystem und besuchte Seiten. Diese Daten dienen zur Sicherstellung eines reibungslosen Verbindungsaufbaus und der komfortablen Nutzung unserer Webseite sowie zur Auswertung der Systemsicherheit und -stabilit\u00e4t.<\/p>\n\n\n\n<h3 class=\"wp-block-heading\">4. Kontaktformular und E-Mail-Kontakt<\/h3>\n\n\n\n<p>Bei Kontaktaufnahme \u00fcber das Kontaktformular oder per E-Mail werden die von Ihnen mitgeteilten Daten (Ihre E-Mail-Adresse, ggf. Ihr Name und Ihre Telefonnummer) von uns gespeichert, um Ihre Fragen zu beantworten. Diese Daten geben wir nicht ohne Ihre Einwilligung weiter.<\/p>\n\n\n\n<h3 class=\"wp-block-heading\">5. Weitergabe von Daten<\/h3>\n\n\n\n<p>Eine \u00dcbermittlung Ihrer pers\u00f6nlichen Daten an Dritte zu anderen als den im Folgenden aufgef\u00fchrten Zwecken findet nicht statt. Wir geben Ihre pers\u00f6nlichen Daten nur an Dritte weiter, wenn Sie Ihre ausdr\u00fcckliche Einwilligung dazu gegeben haben, die Weitergabe zur Geltendmachung, Aus\u00fcbung oder Verteidigung von Rechtsanspr\u00fcchen erforderlich ist und kein Grund zur Annahme besteht, dass Sie ein \u00fcberwiegendes schutzw\u00fcrdiges Interesse an der Nichtweitergabe Ihrer Daten haben, sowie f\u00fcr den Fall, dass eine gesetzliche Verpflichtung besteht.<\/p>\n\n\n\n<h3 class=\"wp-block-heading\">6. Cookies<\/h3>\n\n\n\n<p>Unsere Webseite verwendet Cookies. Hierbei handelt es sich um kleine Textdateien, die auf Ihrem Endger\u00e4t gespeichert werden und die eine Analyse der Benutzung der Webseite erm\u00f6glichen. Sie k\u00f6nnen die Speicherung der Cookies durch eine entsprechende Einstellung Ihrer Browser-Software verhindern.<\/p>\n\n\n\n<h3 class=\"wp-block-heading\">7. Ihre Rechte<\/h3>\n\n\n\n<p>Sie haben das Recht auf Auskunft \u00fcber Ihre von uns verarbeiteten personenbezogenen Daten, Berichtigung, L\u00f6schung und Einschr\u00e4nkung der Verarbeitung. Ferner haben Sie das Recht, Widerspruch gegen die Verarbeitung einzulegen und das Recht auf Daten\u00fcbertragbarkeit.<\/p>\n\n\n\n<h3 class=\"wp-block-heading\">8. Aktualit\u00e4t und \u00c4nderung dieser Datenschutzerkl\u00e4rung<\/h3>\n\n\n\n<p>Diese Datenschutzerkl\u00e4rung ist aktuell g\u00fcltig und hat den Stand Juni 2024. Durch die Weiterentwicklung unserer Webseite und Angebote dar\u00fcber oder aufgrund ge\u00e4nderter gesetzlicher beziehungsweise beh\u00f6rdlicher Vorgaben kann es notwendig werden, diese Datenschutzerkl\u00e4rung zu \u00e4ndern.<\/p>\n","protected":false},"excerpt":{"rendered":"<p>1. Verantwortlicher E&amp;M ScientificKIZILIRMAK MAH. UFUK \u00dcNIVERSITESI CAD. NO: 18 I\u00c7 KAPI NO. 44\u00c7ANKAYA \/ ANKARAE-Mail: info@eam-scientific.com 2. Erhebung und Speicherung personenbezogener Daten Wir erheben, verarbeiten und nutzen Ihre personenbezogenen Daten nur mit Ihrer Einwilligung oder wenn eine gesetzliche Erlaubnis besteht. Wir erheben nur die Daten, die f\u00fcr die Durchf\u00fchrung und Abwicklung unserer Dienstleistungen und [&hellip;]<\/p>\n","protected":false},"author":1,"featured_media":0,"parent":0,"menu_order":0,"comment_status":"closed","ping_status":"open","template":"","meta":{"footnotes":""},"class_list":["post-3","page","type-page","status-publish","hentry"],"_links":{"self":[{"href":"https:\/\/eam-scientific.com\/de\/wp-json\/wp\/v2\/pages\/3","targetHints":{"allow":["GET"]}}],"collection":[{"href":"https:\/\/eam-scientific.com\/de\/wp-json\/wp\/v2\/pages"}],"about":[{"href":"https:\/\/eam-scientific.com\/de\/wp-json\/wp\/v2\/types\/page"}],"author":[{"embeddable":true,"href":"https:\/\/eam-scientific.com\/de\/wp-json\/wp\/v2\/users\/1"}],"replies":[{"embeddable":true,"href":"https:\/\/eam-scientific.com\/de\/wp-json\/wp\/v2\/comments?post=3"}],"version-history":[{"count":2,"href":"https:\/\/eam-scientific.com\/de\/wp-json\/wp\/v2\/pages\/3\/revisions"}],"predecessor-version":[{"id":14770,"href":"https:\/\/eam-scientific.com\/de\/wp-json\/wp\/v2\/pages\/3\/revisions\/14770"}],"wp:attachment":[{"href":"https:\/\/eam-scientific.com\/de\/wp-json\/wp\/v2\/media?parent=3"}],"curies":[{"name":"wp","href":"https:\/\/api.w.org\/{rel}","templated":true}]}}