{"id":18265,"date":"2024-07-07T22:01:28","date_gmt":"2024-07-07T20:01:28","guid":{"rendered":"https:\/\/eam-scientific.com\/?post_type=product&#038;p=18265"},"modified":"2024-07-07T22:02:22","modified_gmt":"2024-07-07T20:02:22","slug":"hptlc-dc-glasplatten-modifiziertes-kieselgel-nano-sil-cn-uv254-10x20-cm","status":"publish","type":"product","link":"https:\/\/eam-scientific.com\/de\/produkt\/hptlc-dc-glasplatten-modifiziertes-kieselgel-nano-sil-cn-uv254-10x20-cm\/","title":{"rendered":"HPTLC\/DC Glasplatten, modifiziertes Kieselgel, Nano-SIL CN UV254, 10&#215;20 cm"},"content":{"rendered":"<p>HPTLC-Glasplatten in verschiedenen Plattengr\u00f6\u00dfen f\u00fcr unterschiedlichste Anwendungen. Kieselgel mit Cyano-(CN, Nitril)-Modifizierung.<\/p>\n","protected":false},"excerpt":{"rendered":"<p>HPTLC-Glasplatten in verschiedenen Plattengr\u00f6\u00dfen f\u00fcr unterschiedlichste Anwendungen. Kieselgel mit Cyano-(CN, Nitril)-Modifizierung.<\/p>\n","protected":false},"featured_media":18354,"comment_status":"open","ping_status":"closed","template":"","meta":[],"product_cat":[25,57,56],"product_tag":[],"class_list":{"0":"post-18265","1":"product","2":"type-product","3":"status-publish","4":"has-post-thumbnail","6":"product_cat-chromatographie","7":"product_cat-dc-hptlc-platten-und-folien","8":"product_cat-duennschichtchromatographie-tlc","10":"first","11":"instock","12":"shipping-taxable","13":"product-type-simple"},"_links":{"self":[{"href":"https:\/\/eam-scientific.com\/de\/wp-json\/wp\/v2\/product\/18265","targetHints":{"allow":["GET"]}}],"collection":[{"href":"https:\/\/eam-scientific.com\/de\/wp-json\/wp\/v2\/product"}],"about":[{"href":"https:\/\/eam-scientific.com\/de\/wp-json\/wp\/v2\/types\/product"}],"replies":[{"embeddable":true,"href":"https:\/\/eam-scientific.com\/de\/wp-json\/wp\/v2\/comments?post=18265"}],"wp:featuredmedia":[{"embeddable":true,"href":"https:\/\/eam-scientific.com\/de\/wp-json\/wp\/v2\/media\/18354"}],"wp:attachment":[{"href":"https:\/\/eam-scientific.com\/de\/wp-json\/wp\/v2\/media?parent=18265"}],"wp:term":[{"taxonomy":"product_cat","embeddable":true,"href":"https:\/\/eam-scientific.com\/de\/wp-json\/wp\/v2\/product_cat?post=18265"},{"taxonomy":"product_tag","embeddable":true,"href":"https:\/\/eam-scientific.com\/de\/wp-json\/wp\/v2\/product_tag?post=18265"}],"curies":[{"name":"wp","href":"https:\/\/api.w.org\/{rel}","templated":true}]}}