{"id":18266,"date":"2024-07-07T22:01:28","date_gmt":"2024-07-07T20:01:28","guid":{"rendered":"https:\/\/eam-scientific.com\/?post_type=product&#038;p=18266"},"modified":"2024-07-07T22:02:25","modified_gmt":"2024-07-07T20:02:25","slug":"hptlc-dc-glasplatten-kieselgelschicht-nano-adamant-10x10-cm","status":"publish","type":"product","link":"https:\/\/eam-scientific.com\/de\/produkt\/hptlc-dc-glasplatten-kieselgelschicht-nano-adamant-10x10-cm\/","title":{"rendered":"HPTLC\/DC Glasplatten, Kieselgelschicht, Nano-ADAMANT, 10&#215;10 cm"},"content":{"rendered":"<p>HPTLC-Glasplatten in verschiedenen Plattengr\u00f6\u00dfen f\u00fcr unterschiedlichste Anwendungen. Nano-ADAMANT ist die h\u00e4rteste HPTLC-Fertigschicht von MACHEREY-NAGEL. Unmodifiziertes Kieselgel (SiOH) mit einem zus\u00e4tzlichen Bindemittelsystem f\u00fcr hervorragende Abriebfestigkeit. Erh\u00e4ltlich als Glasplatte mit oder ohne Fluoreszenzanzeige.<\/p>\n","protected":false},"excerpt":{"rendered":"<p>HPTLC-Glasplatten in verschiedenen Plattengr\u00f6\u00dfen f\u00fcr unterschiedlichste Anwendungen. Nano-ADAMANT ist die h\u00e4rteste HPTLC-Fertigschicht von MACHEREY-NAGEL. Unmodifiziertes Kieselgel (SiOH) mit einem zus\u00e4tzlichen Bindemittelsystem f\u00fcr hervorragende Abriebfestigkeit. Erh\u00e4ltlich als Glasplatte mit oder ohne Fluoreszenzanzeige.<\/p>\n","protected":false},"featured_media":18357,"comment_status":"open","ping_status":"closed","template":"","meta":[],"product_cat":[25,57,56],"product_tag":[],"class_list":{"0":"post-18266","1":"product","2":"type-product","3":"status-publish","4":"has-post-thumbnail","6":"product_cat-chromatographie","7":"product_cat-dc-hptlc-platten-und-folien","8":"product_cat-duennschichtchromatographie-tlc","10":"first","11":"instock","12":"shipping-taxable","13":"product-type-simple"},"_links":{"self":[{"href":"https:\/\/eam-scientific.com\/de\/wp-json\/wp\/v2\/product\/18266","targetHints":{"allow":["GET"]}}],"collection":[{"href":"https:\/\/eam-scientific.com\/de\/wp-json\/wp\/v2\/product"}],"about":[{"href":"https:\/\/eam-scientific.com\/de\/wp-json\/wp\/v2\/types\/product"}],"replies":[{"embeddable":true,"href":"https:\/\/eam-scientific.com\/de\/wp-json\/wp\/v2\/comments?post=18266"}],"wp:featuredmedia":[{"embeddable":true,"href":"https:\/\/eam-scientific.com\/de\/wp-json\/wp\/v2\/media\/18357"}],"wp:attachment":[{"href":"https:\/\/eam-scientific.com\/de\/wp-json\/wp\/v2\/media?parent=18266"}],"wp:term":[{"taxonomy":"product_cat","embeddable":true,"href":"https:\/\/eam-scientific.com\/de\/wp-json\/wp\/v2\/product_cat?post=18266"},{"taxonomy":"product_tag","embeddable":true,"href":"https:\/\/eam-scientific.com\/de\/wp-json\/wp\/v2\/product_tag?post=18266"}],"curies":[{"name":"wp","href":"https:\/\/api.w.org\/{rel}","templated":true}]}}