{"id":18301,"date":"2024-07-07T22:01:51","date_gmt":"2024-07-07T20:01:51","guid":{"rendered":"https:\/\/eam-scientific.com\/?post_type=product&#038;p=18301"},"modified":"2024-07-07T22:02:44","modified_gmt":"2024-07-07T20:02:44","slug":"hptlc-dc-glasplatten-kieselgel-mit-chiralen-selektor-chiralplate-20x20-cm","status":"publish","type":"product","link":"https:\/\/eam-scientific.com\/de\/produkt\/hptlc-dc-glasplatten-kieselgel-mit-chiralen-selektor-chiralplate-20x20-cm\/","title":{"rendered":"HPTLC\/DC Glasplatten, Kieselgel mit chiralen Selektor, CHIRALPLATE, 20&#215;20 cm"},"content":{"rendered":"<p>CHIRALPLATE &#8211; Spezialschicht f\u00fcr die DC-Enantiomerentrennung. Trennung beruht auf Ligandenaustausch, d. h. Bildung von tern\u00e4ren gemischten Chelatkomplexen mit den Cu(II)-Ionen. Unterschiede in der Stabilit\u00e4t der diastereomeren Komplexe bewirken die chromatographische Trennung. Lieferbar als Glasplatte mit Fluoreszenzindikator. In einem \u00dcbersichtsartikel gibt K. G\u00fcnther einen \u00dcberblick \u00fcber die Anwendungen der CHIRALPLATE [J. Chromatogr. 448 (1988) 11\u201330].<\/p>\n","protected":false},"excerpt":{"rendered":"<p>CHIRALPLATE &#8211; Spezialschicht f\u00fcr die DC-Enantiomerentrennung. Trennung beruht auf Ligandenaustausch, d. h. Bildung von tern\u00e4ren gemischten Chelatkomplexen mit den Cu(II)-Ionen. Unterschiede in der Stabilit\u00e4t der diastereomeren Komplexe bewirken die chromatographische Trennung. Lieferbar als Glasplatte mit Fluoreszenzindikator. In einem \u00dcbersichtsartikel gibt K. G\u00fcnther einen \u00dcberblick \u00fcber die Anwendungen der CHIRALPLATE [J. Chromatogr. 448 (1988) 11\u201330].<\/p>\n","protected":false},"featured_media":18389,"comment_status":"open","ping_status":"closed","template":"","meta":[],"product_cat":[25,57,56],"product_tag":[],"class_list":{"0":"post-18301","1":"product","2":"type-product","3":"status-publish","4":"has-post-thumbnail","6":"product_cat-chromatographie","7":"product_cat-dc-hptlc-platten-und-folien","8":"product_cat-duennschichtchromatographie-tlc","10":"first","11":"instock","12":"shipping-taxable","13":"product-type-simple"},"_links":{"self":[{"href":"https:\/\/eam-scientific.com\/de\/wp-json\/wp\/v2\/product\/18301","targetHints":{"allow":["GET"]}}],"collection":[{"href":"https:\/\/eam-scientific.com\/de\/wp-json\/wp\/v2\/product"}],"about":[{"href":"https:\/\/eam-scientific.com\/de\/wp-json\/wp\/v2\/types\/product"}],"replies":[{"embeddable":true,"href":"https:\/\/eam-scientific.com\/de\/wp-json\/wp\/v2\/comments?post=18301"}],"wp:featuredmedia":[{"embeddable":true,"href":"https:\/\/eam-scientific.com\/de\/wp-json\/wp\/v2\/media\/18389"}],"wp:attachment":[{"href":"https:\/\/eam-scientific.com\/de\/wp-json\/wp\/v2\/media?parent=18301"}],"wp:term":[{"taxonomy":"product_cat","embeddable":true,"href":"https:\/\/eam-scientific.com\/de\/wp-json\/wp\/v2\/product_cat?post=18301"},{"taxonomy":"product_tag","embeddable":true,"href":"https:\/\/eam-scientific.com\/de\/wp-json\/wp\/v2\/product_tag?post=18301"}],"curies":[{"name":"wp","href":"https:\/\/api.w.org\/{rel}","templated":true}]}}