{"id":18408,"date":"2024-07-07T22:02:53","date_gmt":"2024-07-07T20:02:53","guid":{"rendered":"https:\/\/eam-scientific.com\/?post_type=product&#038;p=18408"},"modified":"2024-07-07T22:04:04","modified_gmt":"2024-07-07T20:04:04","slug":"dc-glasplatten-kieselgelschicht-durasil-10x20-cm","status":"publish","type":"product","link":"https:\/\/eam-scientific.com\/de\/produkt\/dc-glasplatten-kieselgelschicht-durasil-10x20-cm\/","title":{"rendered":"DC Glasplatten, Kieselgelschicht, DURASIL, 10&#215;20 cm"},"content":{"rendered":"<p>DC-Glasplatten in verschiedenen Plattengr\u00f6\u00dfen f\u00fcr unterschiedlichste Anwendungen. Beschichtet mit unmodifiziertem Kieselgel (SiOH). Harte Schicht, die andere Ergebnisse als SIL G, ADAMANT oder SIL HD Schichten zeigt. Sie werden h\u00e4ufig f\u00fcr TCM-Anwendungen verwendet.<\/p>\n","protected":false},"excerpt":{"rendered":"<p>DC-Glasplatten in verschiedenen Plattengr\u00f6\u00dfen f\u00fcr unterschiedlichste Anwendungen. Beschichtet mit unmodifiziertem Kieselgel (SiOH). Harte Schicht, die andere Ergebnisse als SIL G, ADAMANT oder SIL HD Schichten zeigt. Sie werden h\u00e4ufig f\u00fcr TCM-Anwendungen verwendet.<\/p>\n","protected":false},"featured_media":18517,"comment_status":"open","ping_status":"closed","template":"","meta":[],"product_cat":[25,57,56],"product_tag":[],"class_list":{"0":"post-18408","1":"product","2":"type-product","3":"status-publish","4":"has-post-thumbnail","6":"product_cat-chromatographie","7":"product_cat-dc-hptlc-platten-und-folien","8":"product_cat-duennschichtchromatographie-tlc","10":"first","11":"instock","12":"shipping-taxable","13":"product-type-simple"},"_links":{"self":[{"href":"https:\/\/eam-scientific.com\/de\/wp-json\/wp\/v2\/product\/18408","targetHints":{"allow":["GET"]}}],"collection":[{"href":"https:\/\/eam-scientific.com\/de\/wp-json\/wp\/v2\/product"}],"about":[{"href":"https:\/\/eam-scientific.com\/de\/wp-json\/wp\/v2\/types\/product"}],"replies":[{"embeddable":true,"href":"https:\/\/eam-scientific.com\/de\/wp-json\/wp\/v2\/comments?post=18408"}],"wp:featuredmedia":[{"embeddable":true,"href":"https:\/\/eam-scientific.com\/de\/wp-json\/wp\/v2\/media\/18517"}],"wp:attachment":[{"href":"https:\/\/eam-scientific.com\/de\/wp-json\/wp\/v2\/media?parent=18408"}],"wp:term":[{"taxonomy":"product_cat","embeddable":true,"href":"https:\/\/eam-scientific.com\/de\/wp-json\/wp\/v2\/product_cat?post=18408"},{"taxonomy":"product_tag","embeddable":true,"href":"https:\/\/eam-scientific.com\/de\/wp-json\/wp\/v2\/product_tag?post=18408"}],"curies":[{"name":"wp","href":"https:\/\/api.w.org\/{rel}","templated":true}]}}