{"id":18503,"date":"2024-07-07T22:03:57","date_gmt":"2024-07-07T20:03:57","guid":{"rendered":"https:\/\/eam-scientific.com\/?post_type=product&#038;p=18503"},"modified":"2024-07-07T22:04:47","modified_gmt":"2024-07-07T20:04:47","slug":"dc-glasplatten-kieselgelschicht-sil-hd-uv254-20x20-cm","status":"publish","type":"product","link":"https:\/\/eam-scientific.com\/de\/produkt\/dc-glasplatten-kieselgelschicht-sil-hd-uv254-20x20-cm\/","title":{"rendered":"DC Glasplatten, Kieselgelschicht, SIL HD UV254, 20&#215;20 cm"},"content":{"rendered":"<p>DC-Glasplatten mit unmodifizierten Kieselgel (SiOH) und &#8222;High Definition&#8220;-Charakteristik. Hervorragende Anf\u00e4rbbarkeit (brillante F\u00e4rbeeigenschaften) und Abriebfestigkeit (harte Schicht) durch ein optimiertes Bindemittelsystem. Gute Benetzbarkeit f\u00fcr pr\u00e4zise F\u00e4rbungsergebnisse, auch bei 100 % w\u00e4ssrigen Nachweisreagenzien. Ausgezeichnete Trenneffizienz durch eine optimierte Partikelgr\u00f6\u00dfenverteilung. Sehr gut geeignet f\u00fcr Spurenanalytik, die sich aus einem rauscharmen Hintergrund der Schicht ergeben. Erh\u00e4ltlich als Glasplatte mit oder ohne Fluoreszenzindikator.<\/p>\n","protected":false},"excerpt":{"rendered":"<p>DC-Glasplatten mit unmodifizierten Kieselgel (SiOH) und &#8222;High Definition&#8220;-Charakteristik. Hervorragende Anf\u00e4rbbarkeit (brillante F\u00e4rbeeigenschaften) und Abriebfestigkeit (harte Schicht) durch ein optimiertes Bindemittelsystem. Gute Benetzbarkeit f\u00fcr pr\u00e4zise F\u00e4rbungsergebnisse, auch bei 100 % w\u00e4ssrigen Nachweisreagenzien. Ausgezeichnete Trenneffizienz durch eine optimierte Partikelgr\u00f6\u00dfenverteilung. Sehr gut geeignet f\u00fcr Spurenanalytik, die sich aus einem rauscharmen Hintergrund der Schicht ergeben. Erh\u00e4ltlich als Glasplatte mit [&hellip;]<\/p>\n","protected":false},"featured_media":18585,"comment_status":"open","ping_status":"closed","template":"","meta":[],"product_cat":[25,57,56],"product_tag":[],"class_list":{"0":"post-18503","1":"product","2":"type-product","3":"status-publish","4":"has-post-thumbnail","6":"product_cat-chromatographie","7":"product_cat-dc-hptlc-platten-und-folien","8":"product_cat-duennschichtchromatographie-tlc","10":"first","11":"instock","12":"shipping-taxable","13":"product-type-simple"},"_links":{"self":[{"href":"https:\/\/eam-scientific.com\/de\/wp-json\/wp\/v2\/product\/18503","targetHints":{"allow":["GET"]}}],"collection":[{"href":"https:\/\/eam-scientific.com\/de\/wp-json\/wp\/v2\/product"}],"about":[{"href":"https:\/\/eam-scientific.com\/de\/wp-json\/wp\/v2\/types\/product"}],"replies":[{"embeddable":true,"href":"https:\/\/eam-scientific.com\/de\/wp-json\/wp\/v2\/comments?post=18503"}],"wp:featuredmedia":[{"embeddable":true,"href":"https:\/\/eam-scientific.com\/de\/wp-json\/wp\/v2\/media\/18585"}],"wp:attachment":[{"href":"https:\/\/eam-scientific.com\/de\/wp-json\/wp\/v2\/media?parent=18503"}],"wp:term":[{"taxonomy":"product_cat","embeddable":true,"href":"https:\/\/eam-scientific.com\/de\/wp-json\/wp\/v2\/product_cat?post=18503"},{"taxonomy":"product_tag","embeddable":true,"href":"https:\/\/eam-scientific.com\/de\/wp-json\/wp\/v2\/product_tag?post=18503"}],"curies":[{"name":"wp","href":"https:\/\/api.w.org\/{rel}","templated":true}]}}