{"id":18538,"date":"2024-07-07T22:04:19","date_gmt":"2024-07-07T20:04:19","guid":{"rendered":"https:\/\/eam-scientific.com\/?post_type=product&#038;p=18538"},"modified":"2024-07-07T22:05:16","modified_gmt":"2024-07-07T20:05:16","slug":"dc-polyesterfolien-impraegnierte-cellulose-polygram-cel-300-pei-20x20-cm","status":"publish","type":"product","link":"https:\/\/eam-scientific.com\/de\/produkt\/dc-polyesterfolien-impraegnierte-cellulose-polygram-cel-300-pei-20x20-cm\/","title":{"rendered":"DC Polyesterfolien, impr\u00e4gnierte Cellulose, POLYGRAM CEL 300 PEI, 20&#215;20 cm"},"content":{"rendered":"<p>DC-Polyesterfolien mit faserf\u00f6rmiger Cellulose, impr\u00e4gniert mit Polyethylenimin (PEI).<\/p>\n","protected":false},"excerpt":{"rendered":"<p>DC-Polyesterfolien mit faserf\u00f6rmiger Cellulose, impr\u00e4gniert mit Polyethylenimin (PEI).<\/p>\n","protected":false},"featured_media":18626,"comment_status":"open","ping_status":"closed","template":"","meta":[],"product_cat":[25,57,56],"product_tag":[],"class_list":{"0":"post-18538","1":"product","2":"type-product","3":"status-publish","4":"has-post-thumbnail","6":"product_cat-chromatographie","7":"product_cat-dc-hptlc-platten-und-folien","8":"product_cat-duennschichtchromatographie-tlc","10":"first","11":"instock","12":"shipping-taxable","13":"product-type-simple"},"_links":{"self":[{"href":"https:\/\/eam-scientific.com\/de\/wp-json\/wp\/v2\/product\/18538","targetHints":{"allow":["GET"]}}],"collection":[{"href":"https:\/\/eam-scientific.com\/de\/wp-json\/wp\/v2\/product"}],"about":[{"href":"https:\/\/eam-scientific.com\/de\/wp-json\/wp\/v2\/types\/product"}],"replies":[{"embeddable":true,"href":"https:\/\/eam-scientific.com\/de\/wp-json\/wp\/v2\/comments?post=18538"}],"wp:featuredmedia":[{"embeddable":true,"href":"https:\/\/eam-scientific.com\/de\/wp-json\/wp\/v2\/media\/18626"}],"wp:attachment":[{"href":"https:\/\/eam-scientific.com\/de\/wp-json\/wp\/v2\/media?parent=18538"}],"wp:term":[{"taxonomy":"product_cat","embeddable":true,"href":"https:\/\/eam-scientific.com\/de\/wp-json\/wp\/v2\/product_cat?post=18538"},{"taxonomy":"product_tag","embeddable":true,"href":"https:\/\/eam-scientific.com\/de\/wp-json\/wp\/v2\/product_tag?post=18538"}],"curies":[{"name":"wp","href":"https:\/\/api.w.org\/{rel}","templated":true}]}}