{"id":18612,"date":"2024-07-07T22:05:02","date_gmt":"2024-07-07T20:05:02","guid":{"rendered":"https:\/\/eam-scientific.com\/?post_type=product&#038;p=18612"},"modified":"2024-07-07T22:06:10","modified_gmt":"2024-07-07T20:06:10","slug":"dc-glasplatten-kieselgelschicht-kieselgur-silgur-uv254-20x20-cm","status":"publish","type":"product","link":"https:\/\/eam-scientific.com\/de\/produkt\/dc-glasplatten-kieselgelschicht-kieselgur-silgur-uv254-20x20-cm\/","title":{"rendered":"DC Glasplatten, Kieselgelschicht + Kieselgur, SILGUR UV254, 20&#215;20 cm"},"content":{"rendered":"<p>DC-Glasplatten in verschiedenen Plattengr\u00f6\u00dfen f\u00fcr unterschiedlichste Anwendungen, beschichtet mit unmodifiziertem Kieselgel (SiOH) und Konzentrierungszone (Kieselgur, Diatomeenerde oder Diatomit).<\/p>\n","protected":false},"excerpt":{"rendered":"<p>DC-Glasplatten in verschiedenen Plattengr\u00f6\u00dfen f\u00fcr unterschiedlichste Anwendungen, beschichtet mit unmodifiziertem Kieselgel (SiOH) und Konzentrierungszone (Kieselgur, Diatomeenerde oder Diatomit).<\/p>\n","protected":false},"featured_media":18710,"comment_status":"open","ping_status":"closed","template":"","meta":[],"product_cat":[25,57,56],"product_tag":[],"class_list":{"0":"post-18612","1":"product","2":"type-product","3":"status-publish","4":"has-post-thumbnail","6":"product_cat-chromatographie","7":"product_cat-dc-hptlc-platten-und-folien","8":"product_cat-duennschichtchromatographie-tlc","10":"first","11":"instock","12":"shipping-taxable","13":"product-type-simple"},"_links":{"self":[{"href":"https:\/\/eam-scientific.com\/de\/wp-json\/wp\/v2\/product\/18612","targetHints":{"allow":["GET"]}}],"collection":[{"href":"https:\/\/eam-scientific.com\/de\/wp-json\/wp\/v2\/product"}],"about":[{"href":"https:\/\/eam-scientific.com\/de\/wp-json\/wp\/v2\/types\/product"}],"replies":[{"embeddable":true,"href":"https:\/\/eam-scientific.com\/de\/wp-json\/wp\/v2\/comments?post=18612"}],"wp:featuredmedia":[{"embeddable":true,"href":"https:\/\/eam-scientific.com\/de\/wp-json\/wp\/v2\/media\/18710"}],"wp:attachment":[{"href":"https:\/\/eam-scientific.com\/de\/wp-json\/wp\/v2\/media?parent=18612"}],"wp:term":[{"taxonomy":"product_cat","embeddable":true,"href":"https:\/\/eam-scientific.com\/de\/wp-json\/wp\/v2\/product_cat?post=18612"},{"taxonomy":"product_tag","embeddable":true,"href":"https:\/\/eam-scientific.com\/de\/wp-json\/wp\/v2\/product_tag?post=18612"}],"curies":[{"name":"wp","href":"https:\/\/api.w.org\/{rel}","templated":true}]}}