{"id":18734,"date":"2024-07-07T22:06:28","date_gmt":"2024-07-07T20:06:28","guid":{"rendered":"https:\/\/eam-scientific.com\/?post_type=product&#038;p=18734"},"modified":"2024-07-07T22:07:22","modified_gmt":"2024-07-07T20:07:22","slug":"dc-glasplatten-kieselgelschicht-sil-g-10x20-cm","status":"publish","type":"product","link":"https:\/\/eam-scientific.com\/de\/produkt\/dc-glasplatten-kieselgelschicht-sil-g-10x20-cm\/","title":{"rendered":"DC Glasplatten, Kieselgelschicht, SIL G, 10&#215;20 cm"},"content":{"rendered":"<p>Standard DC-Glasplatten, die mit einer weichen Schicht aus unmodifiziertem Kieselgel 60 beschichtet sind. Schichtdicke f\u00fcr analytische Platten:0,25 mm. F\u00fcr pr\u00e4parative Zwecke (PLC) stehen verschiedene Schichtdicken (0,5 mm, 1 mm und 2 mm) zur Verf\u00fcgung. F\u00fcr 2 mm pr\u00e4parative Schichten wird ein etwas gr\u00f6beres Material verwendet. Erh\u00e4ltlich mit verschiedenen UV-Indikatoren &#8211; manganaktiviertes Zinksilikat mit gr\u00fcner Fluoreszenz im kurzwelligen UV-Licht (254 nm), spezielles anorganisches fluoreszierendes Pigment mit blauer Fluoreszenz im langwelligen UV-Licht (366 nm). SIL G ist auf Glasplatten, Aluminiumfolien und Polyesterfolien in verschiedenen Gr\u00f6\u00dfen erh\u00e4ltlich.<\/p>\n","protected":false},"excerpt":{"rendered":"<p>Standard DC-Glasplatten, die mit einer weichen Schicht aus unmodifiziertem Kieselgel 60 beschichtet sind. Schichtdicke f\u00fcr analytische Platten:0,25 mm. F\u00fcr pr\u00e4parative Zwecke (PLC) stehen verschiedene Schichtdicken (0,5 mm, 1 mm und 2 mm) zur Verf\u00fcgung. F\u00fcr 2 mm pr\u00e4parative Schichten wird ein etwas gr\u00f6beres Material verwendet. Erh\u00e4ltlich mit verschiedenen UV-Indikatoren &#8211; manganaktiviertes Zinksilikat mit gr\u00fcner Fluoreszenz [&hellip;]<\/p>\n","protected":false},"featured_media":18811,"comment_status":"open","ping_status":"closed","template":"","meta":[],"product_cat":[25,57,56],"product_tag":[],"class_list":{"0":"post-18734","1":"product","2":"type-product","3":"status-publish","4":"has-post-thumbnail","6":"product_cat-chromatographie","7":"product_cat-dc-hptlc-platten-und-folien","8":"product_cat-duennschichtchromatographie-tlc","10":"first","11":"instock","12":"shipping-taxable","13":"product-type-simple"},"_links":{"self":[{"href":"https:\/\/eam-scientific.com\/de\/wp-json\/wp\/v2\/product\/18734","targetHints":{"allow":["GET"]}}],"collection":[{"href":"https:\/\/eam-scientific.com\/de\/wp-json\/wp\/v2\/product"}],"about":[{"href":"https:\/\/eam-scientific.com\/de\/wp-json\/wp\/v2\/types\/product"}],"replies":[{"embeddable":true,"href":"https:\/\/eam-scientific.com\/de\/wp-json\/wp\/v2\/comments?post=18734"}],"wp:featuredmedia":[{"embeddable":true,"href":"https:\/\/eam-scientific.com\/de\/wp-json\/wp\/v2\/media\/18811"}],"wp:attachment":[{"href":"https:\/\/eam-scientific.com\/de\/wp-json\/wp\/v2\/media?parent=18734"}],"wp:term":[{"taxonomy":"product_cat","embeddable":true,"href":"https:\/\/eam-scientific.com\/de\/wp-json\/wp\/v2\/product_cat?post=18734"},{"taxonomy":"product_tag","embeddable":true,"href":"https:\/\/eam-scientific.com\/de\/wp-json\/wp\/v2\/product_tag?post=18734"}],"curies":[{"name":"wp","href":"https:\/\/api.w.org\/{rel}","templated":true}]}}