{"id":18832,"date":"2024-07-07T22:07:32","date_gmt":"2024-07-07T20:07:32","guid":{"rendered":"https:\/\/eam-scientific.com\/?post_type=product&#038;p=18832"},"modified":"2024-07-07T22:08:33","modified_gmt":"2024-07-07T20:08:33","slug":"dc-testmischung-fuer-mikro-set-a-anthrachinonfarbstoffe","status":"publish","type":"product","link":"https:\/\/eam-scientific.com\/de\/produkt\/dc-testmischung-fuer-mikro-set-a-anthrachinonfarbstoffe\/","title":{"rendered":"DC-Testmischung f\u00fcr Mikro-Set A, Anthrachinonfarbstoffe"},"content":{"rendered":"<p>Testfarbstoffgemisch 2, Anthrachinonfarbstoffe &#8211; Blau 1, Blau 3, Gr\u00fcn, Gr\u00fcnblau, Rot, Violett 1, Violett 2, gel\u00f6st in Toluol\/Cyclohexan (2 :1, v\/v). Dieses Produkt enth\u00e4lt kennzeichnungspflichtige Gefahrstoffe. F\u00fcr detaillierte Informationen bitte das Sicherheitsdatenblatt beachten.<\/p>\n","protected":false},"excerpt":{"rendered":"<p>Testfarbstoffgemisch 2, Anthrachinonfarbstoffe &#8211; Blau 1, Blau 3, Gr\u00fcn, Gr\u00fcnblau, Rot, Violett 1, Violett 2, gel\u00f6st in Toluol\/Cyclohexan (2 :1, v\/v). Dieses Produkt enth\u00e4lt kennzeichnungspflichtige Gefahrstoffe. F\u00fcr detaillierte Informationen bitte das Sicherheitsdatenblatt beachten.<\/p>\n","protected":false},"featured_media":18924,"comment_status":"open","ping_status":"closed","template":"","meta":[],"product_cat":[25,144,56],"product_tag":[],"class_list":{"0":"post-18832","1":"product","2":"type-product","3":"status-publish","4":"has-post-thumbnail","6":"product_cat-chromatographie","7":"product_cat-dc-mikro-sets","8":"product_cat-duennschichtchromatographie-tlc","10":"first","11":"instock","12":"shipping-taxable","13":"product-type-simple"},"_links":{"self":[{"href":"https:\/\/eam-scientific.com\/de\/wp-json\/wp\/v2\/product\/18832","targetHints":{"allow":["GET"]}}],"collection":[{"href":"https:\/\/eam-scientific.com\/de\/wp-json\/wp\/v2\/product"}],"about":[{"href":"https:\/\/eam-scientific.com\/de\/wp-json\/wp\/v2\/types\/product"}],"replies":[{"embeddable":true,"href":"https:\/\/eam-scientific.com\/de\/wp-json\/wp\/v2\/comments?post=18832"}],"wp:featuredmedia":[{"embeddable":true,"href":"https:\/\/eam-scientific.com\/de\/wp-json\/wp\/v2\/media\/18924"}],"wp:attachment":[{"href":"https:\/\/eam-scientific.com\/de\/wp-json\/wp\/v2\/media?parent=18832"}],"wp:term":[{"taxonomy":"product_cat","embeddable":true,"href":"https:\/\/eam-scientific.com\/de\/wp-json\/wp\/v2\/product_cat?post=18832"},{"taxonomy":"product_tag","embeddable":true,"href":"https:\/\/eam-scientific.com\/de\/wp-json\/wp\/v2\/product_tag?post=18832"}],"curies":[{"name":"wp","href":"https:\/\/api.w.org\/{rel}","templated":true}]}}