{"id":18867,"date":"2024-07-07T22:07:54","date_gmt":"2024-07-07T20:07:54","guid":{"rendered":"https:\/\/eam-scientific.com\/?post_type=product&#038;p=18867"},"modified":"2024-07-07T22:08:49","modified_gmt":"2024-07-07T20:08:49","slug":"tlc-dc-mikro-set-f3-fortgeschrittenen-set","status":"publish","type":"product","link":"https:\/\/eam-scientific.com\/de\/produkt\/tlc-dc-mikro-set-f3-fortgeschrittenen-set\/","title":{"rendered":"TLC (DC) Mikro-Set F3, Fortgeschrittenen Set"},"content":{"rendered":"<p>Das TLC Micro-Set F3 ist das Fortgeschrittenenset 3 f\u00fcr den naturwissenschaftlichen Unterricht. Es enth\u00e4lt alle Chemikalien, die f\u00fcr die &#8211; Trennung von Analgetika (Schmerzmittel) und Drogenanalyse am Beispiel der Chinarinde erforderlich sind. F\u00fcr die Trennung mit Micro-Set F3 sind die Materialien von TLC Micro-Set M Voraussetzung. Dieses Produkt enth\u00e4lt kennzeichnungspflichtige Gefahrstoffe. F\u00fcr detaillierte Informationen bitte das Sicherheitsdatenblatt beachten.<\/p>\n","protected":false},"excerpt":{"rendered":"<p>Das TLC Micro-Set F3 ist das Fortgeschrittenenset 3 f\u00fcr den naturwissenschaftlichen Unterricht. Es enth\u00e4lt alle Chemikalien, die f\u00fcr die &#8211; Trennung von Analgetika (Schmerzmittel) und Drogenanalyse am Beispiel der Chinarinde erforderlich sind. F\u00fcr die Trennung mit Micro-Set F3 sind die Materialien von TLC Micro-Set M Voraussetzung. Dieses Produkt enth\u00e4lt kennzeichnungspflichtige Gefahrstoffe. F\u00fcr detaillierte Informationen bitte [&hellip;]<\/p>\n","protected":false},"featured_media":18957,"comment_status":"open","ping_status":"closed","template":"","meta":[],"product_cat":[25,144,56],"product_tag":[],"class_list":{"0":"post-18867","1":"product","2":"type-product","3":"status-publish","4":"has-post-thumbnail","6":"product_cat-chromatographie","7":"product_cat-dc-mikro-sets","8":"product_cat-duennschichtchromatographie-tlc","10":"first","11":"instock","12":"shipping-taxable","13":"product-type-simple"},"_links":{"self":[{"href":"https:\/\/eam-scientific.com\/de\/wp-json\/wp\/v2\/product\/18867","targetHints":{"allow":["GET"]}}],"collection":[{"href":"https:\/\/eam-scientific.com\/de\/wp-json\/wp\/v2\/product"}],"about":[{"href":"https:\/\/eam-scientific.com\/de\/wp-json\/wp\/v2\/types\/product"}],"replies":[{"embeddable":true,"href":"https:\/\/eam-scientific.com\/de\/wp-json\/wp\/v2\/comments?post=18867"}],"wp:featuredmedia":[{"embeddable":true,"href":"https:\/\/eam-scientific.com\/de\/wp-json\/wp\/v2\/media\/18957"}],"wp:attachment":[{"href":"https:\/\/eam-scientific.com\/de\/wp-json\/wp\/v2\/media?parent=18867"}],"wp:term":[{"taxonomy":"product_cat","embeddable":true,"href":"https:\/\/eam-scientific.com\/de\/wp-json\/wp\/v2\/product_cat?post=18867"},{"taxonomy":"product_tag","embeddable":true,"href":"https:\/\/eam-scientific.com\/de\/wp-json\/wp\/v2\/product_tag?post=18867"}],"curies":[{"name":"wp","href":"https:\/\/api.w.org\/{rel}","templated":true}]}}