{"id":18899,"date":"2024-07-07T22:08:17","date_gmt":"2024-07-07T20:08:17","guid":{"rendered":"https:\/\/eam-scientific.com\/?post_type=product&#038;p=18899"},"modified":"2024-07-07T22:08:57","modified_gmt":"2024-07-07T20:08:57","slug":"tlc-dc-mikro-set-f2-fortgeschrittenen-set","status":"publish","type":"product","link":"https:\/\/eam-scientific.com\/de\/produkt\/tlc-dc-mikro-set-f2-fortgeschrittenen-set\/","title":{"rendered":"TLC (DC) Mikro-Set F2, Fortgeschrittenen Set"},"content":{"rendered":"<p>Das TLC Micro-Set F2 ist das Fortgeschrittenenset 2 f\u00fcr den naturwissenschaftlichen Unterricht. Es enth\u00e4lt alle Chemikalien, die f\u00fcr die Analyse von &#8211; Speisefetten und Fetten und Cholesterin im Blut ben\u00f6tigt werden. Dieses Produkt enth\u00e4lt kennzeichnungspflichtige Gefahrstoffe. F\u00fcr detaillierte Informationen bitte das Sicherheitsdatenblatt beachten.<\/p>\n","protected":false},"excerpt":{"rendered":"<p>Das TLC Micro-Set F2 ist das Fortgeschrittenenset 2 f\u00fcr den naturwissenschaftlichen Unterricht. Es enth\u00e4lt alle Chemikalien, die f\u00fcr die Analyse von &#8211; Speisefetten und Fetten und Cholesterin im Blut ben\u00f6tigt werden. Dieses Produkt enth\u00e4lt kennzeichnungspflichtige Gefahrstoffe. F\u00fcr detaillierte Informationen bitte das Sicherheitsdatenblatt beachten.<\/p>\n","protected":false},"featured_media":18972,"comment_status":"open","ping_status":"closed","template":"","meta":[],"product_cat":[25,144,56],"product_tag":[],"class_list":{"0":"post-18899","1":"product","2":"type-product","3":"status-publish","4":"has-post-thumbnail","6":"product_cat-chromatographie","7":"product_cat-dc-mikro-sets","8":"product_cat-duennschichtchromatographie-tlc","10":"first","11":"instock","12":"shipping-taxable","13":"product-type-simple"},"_links":{"self":[{"href":"https:\/\/eam-scientific.com\/de\/wp-json\/wp\/v2\/product\/18899","targetHints":{"allow":["GET"]}}],"collection":[{"href":"https:\/\/eam-scientific.com\/de\/wp-json\/wp\/v2\/product"}],"about":[{"href":"https:\/\/eam-scientific.com\/de\/wp-json\/wp\/v2\/types\/product"}],"replies":[{"embeddable":true,"href":"https:\/\/eam-scientific.com\/de\/wp-json\/wp\/v2\/comments?post=18899"}],"wp:featuredmedia":[{"embeddable":true,"href":"https:\/\/eam-scientific.com\/de\/wp-json\/wp\/v2\/media\/18972"}],"wp:attachment":[{"href":"https:\/\/eam-scientific.com\/de\/wp-json\/wp\/v2\/media?parent=18899"}],"wp:term":[{"taxonomy":"product_cat","embeddable":true,"href":"https:\/\/eam-scientific.com\/de\/wp-json\/wp\/v2\/product_cat?post=18899"},{"taxonomy":"product_tag","embeddable":true,"href":"https:\/\/eam-scientific.com\/de\/wp-json\/wp\/v2\/product_tag?post=18899"}],"curies":[{"name":"wp","href":"https:\/\/api.w.org\/{rel}","templated":true}]}}