{"id":18901,"date":"2024-07-07T22:08:17","date_gmt":"2024-07-07T20:08:17","guid":{"rendered":"https:\/\/eam-scientific.com\/?post_type=product&#038;p=18901"},"modified":"2024-07-07T22:09:01","modified_gmt":"2024-07-07T20:09:01","slug":"dc-testmischung-fuer-mikro-set-a-lebensmittelfarbstoffe","status":"publish","type":"product","link":"https:\/\/eam-scientific.com\/de\/produkt\/dc-testmischung-fuer-mikro-set-a-lebensmittelfarbstoffe\/","title":{"rendered":"DC-Testmischung f\u00fcr Mikro-Set A, Lebensmittelfarbstoffe"},"content":{"rendered":"<p>Testfarbstoffgemisch 3, w\u00e4ssrige L\u00f6sung von 7 Lebensmittelfarbstoffen &#8211; Brillantschwarz BN (E151), Echtrot E, Erythrosin (E127), Gelborange S (Sonnenuntergangsgelb CFC, E110), Naphtholrot S, Ponceau 4 R (E124), Tartrazin (E102). <\/p>\n","protected":false},"excerpt":{"rendered":"<p>Testfarbstoffgemisch 3, w\u00e4ssrige L\u00f6sung von 7 Lebensmittelfarbstoffen &#8211; Brillantschwarz BN (E151), Echtrot E, Erythrosin (E127), Gelborange S (Sonnenuntergangsgelb CFC, E110), Naphtholrot S, Ponceau 4 R (E124), Tartrazin (E102).<\/p>\n","protected":false},"featured_media":18990,"comment_status":"open","ping_status":"closed","template":"","meta":[],"product_cat":[25,144,56],"product_tag":[],"class_list":{"0":"post-18901","1":"product","2":"type-product","3":"status-publish","4":"has-post-thumbnail","6":"product_cat-chromatographie","7":"product_cat-dc-mikro-sets","8":"product_cat-duennschichtchromatographie-tlc","10":"first","11":"instock","12":"shipping-taxable","13":"product-type-simple"},"_links":{"self":[{"href":"https:\/\/eam-scientific.com\/de\/wp-json\/wp\/v2\/product\/18901","targetHints":{"allow":["GET"]}}],"collection":[{"href":"https:\/\/eam-scientific.com\/de\/wp-json\/wp\/v2\/product"}],"about":[{"href":"https:\/\/eam-scientific.com\/de\/wp-json\/wp\/v2\/types\/product"}],"replies":[{"embeddable":true,"href":"https:\/\/eam-scientific.com\/de\/wp-json\/wp\/v2\/comments?post=18901"}],"wp:featuredmedia":[{"embeddable":true,"href":"https:\/\/eam-scientific.com\/de\/wp-json\/wp\/v2\/media\/18990"}],"wp:attachment":[{"href":"https:\/\/eam-scientific.com\/de\/wp-json\/wp\/v2\/media?parent=18901"}],"wp:term":[{"taxonomy":"product_cat","embeddable":true,"href":"https:\/\/eam-scientific.com\/de\/wp-json\/wp\/v2\/product_cat?post=18901"},{"taxonomy":"product_tag","embeddable":true,"href":"https:\/\/eam-scientific.com\/de\/wp-json\/wp\/v2\/product_tag?post=18901"}],"curies":[{"name":"wp","href":"https:\/\/api.w.org\/{rel}","templated":true}]}}