{"id":18902,"date":"2024-07-07T22:08:17","date_gmt":"2024-07-07T20:08:17","guid":{"rendered":"https:\/\/eam-scientific.com\/?post_type=product&#038;p=18902"},"modified":"2024-07-07T22:09:02","modified_gmt":"2024-07-07T20:09:02","slug":"tlc-dc-mikro-set-f1-fortgeschrittenen-set","status":"publish","type":"product","link":"https:\/\/eam-scientific.com\/de\/produkt\/tlc-dc-mikro-set-f1-fortgeschrittenen-set\/","title":{"rendered":"TLC (DC) Mikro-Set F1, Fortgeschrittenen Set"},"content":{"rendered":"<p>Micro-Set F1 ist das Fortgeschrittenenset 1 f\u00fcr den naturwissenschaftlichen Unterricht. Es enth\u00e4lt alle Chemikalien, die zur Trennung von &#8211; Aminos\u00e4uren (Testgemisch bestehend aus Alanin, Arginin, Tryptophan und Valin), Aminos\u00e4uren im Urin, Schwermetallkationen Kupfer(II) und Mangan(II) ben\u00f6tigt werden. F\u00fcr dieTrennung mit Micro-Set F1 sind die Materialien von TLC Micro-Set M Voraussetzung. Dieses Produkt enth\u00e4lt kennzeichnungspflichtige Gefahrstoffe. F\u00fcr detaillierte Informationen bitte das Sicherheitsdatenblatt beachten.<\/p>\n","protected":false},"excerpt":{"rendered":"<p>Micro-Set F1 ist das Fortgeschrittenenset 1 f\u00fcr den naturwissenschaftlichen Unterricht. Es enth\u00e4lt alle Chemikalien, die zur Trennung von &#8211; Aminos\u00e4uren (Testgemisch bestehend aus Alanin, Arginin, Tryptophan und Valin), Aminos\u00e4uren im Urin, Schwermetallkationen Kupfer(II) und Mangan(II) ben\u00f6tigt werden. F\u00fcr dieTrennung mit Micro-Set F1 sind die Materialien von TLC Micro-Set M Voraussetzung. Dieses Produkt enth\u00e4lt kennzeichnungspflichtige Gefahrstoffe. [&hellip;]<\/p>\n","protected":false},"featured_media":18993,"comment_status":"open","ping_status":"closed","template":"","meta":[],"product_cat":[25,144,56],"product_tag":[],"class_list":{"0":"post-18902","1":"product","2":"type-product","3":"status-publish","4":"has-post-thumbnail","6":"product_cat-chromatographie","7":"product_cat-dc-mikro-sets","8":"product_cat-duennschichtchromatographie-tlc","10":"first","11":"instock","12":"shipping-taxable","13":"product-type-simple"},"_links":{"self":[{"href":"https:\/\/eam-scientific.com\/de\/wp-json\/wp\/v2\/product\/18902","targetHints":{"allow":["GET"]}}],"collection":[{"href":"https:\/\/eam-scientific.com\/de\/wp-json\/wp\/v2\/product"}],"about":[{"href":"https:\/\/eam-scientific.com\/de\/wp-json\/wp\/v2\/types\/product"}],"replies":[{"embeddable":true,"href":"https:\/\/eam-scientific.com\/de\/wp-json\/wp\/v2\/comments?post=18902"}],"wp:featuredmedia":[{"embeddable":true,"href":"https:\/\/eam-scientific.com\/de\/wp-json\/wp\/v2\/media\/18993"}],"wp:attachment":[{"href":"https:\/\/eam-scientific.com\/de\/wp-json\/wp\/v2\/media?parent=18902"}],"wp:term":[{"taxonomy":"product_cat","embeddable":true,"href":"https:\/\/eam-scientific.com\/de\/wp-json\/wp\/v2\/product_cat?post=18902"},{"taxonomy":"product_tag","embeddable":true,"href":"https:\/\/eam-scientific.com\/de\/wp-json\/wp\/v2\/product_tag?post=18902"}],"curies":[{"name":"wp","href":"https:\/\/api.w.org\/{rel}","templated":true}]}}