{"id":18904,"date":"2024-07-07T22:08:17","date_gmt":"2024-07-07T20:08:17","guid":{"rendered":"https:\/\/eam-scientific.com\/?post_type=product&#038;p=18904"},"modified":"2024-07-07T22:09:07","modified_gmt":"2024-07-07T20:09:07","slug":"tlc-dc-mikro-set-m-material","status":"publish","type":"product","link":"https:\/\/eam-scientific.com\/de\/produkt\/tlc-dc-mikro-set-m-material\/","title":{"rendered":"TLC (DC) Mikro-Set M, Material"},"content":{"rendered":"<p>TLC Micro-Set M ist das Materialset und besteht aus: 2x Entwicklungskammern, 2x 50 Glaskapillaren 1 \u00b5L, 1x Gummih\u00fcttchen f\u00fcr Glaskapillaren, 2x Auftragschablonen, 1x Messzylinder 10 mL, 1x Becherglas 25 mL, 1x Laborspr\u00fcher aus Glas mit Gummiball, 1x Plastikspritze 1 mL, 20x Bogen Filterpapier MN 713 (15 x 21 cm), je 50x Polyesterfolien aus POLYGRAM, 4 x 8 cm &#8211; SIL G\/UV254, Alox N\/UV254 und CEL 300.<\/p>\n","protected":false},"excerpt":{"rendered":"<p>TLC Micro-Set M ist das Materialset und besteht aus: 2x Entwicklungskammern, 2x 50 Glaskapillaren 1 \u00b5L, 1x Gummih\u00fcttchen f\u00fcr Glaskapillaren, 2x Auftragschablonen, 1x Messzylinder 10 mL, 1x Becherglas 25 mL, 1x Laborspr\u00fcher aus Glas mit Gummiball, 1x Plastikspritze 1 mL, 20x Bogen Filterpapier MN 713 (15 x 21 cm), je 50x Polyesterfolien aus POLYGRAM, 4 [&hellip;]<\/p>\n","protected":false},"featured_media":18999,"comment_status":"open","ping_status":"closed","template":"","meta":[],"product_cat":[25,144,56],"product_tag":[],"class_list":{"0":"post-18904","1":"product","2":"type-product","3":"status-publish","4":"has-post-thumbnail","6":"product_cat-chromatographie","7":"product_cat-dc-mikro-sets","8":"product_cat-duennschichtchromatographie-tlc","10":"first","11":"instock","12":"shipping-taxable","13":"product-type-simple"},"_links":{"self":[{"href":"https:\/\/eam-scientific.com\/de\/wp-json\/wp\/v2\/product\/18904","targetHints":{"allow":["GET"]}}],"collection":[{"href":"https:\/\/eam-scientific.com\/de\/wp-json\/wp\/v2\/product"}],"about":[{"href":"https:\/\/eam-scientific.com\/de\/wp-json\/wp\/v2\/types\/product"}],"replies":[{"embeddable":true,"href":"https:\/\/eam-scientific.com\/de\/wp-json\/wp\/v2\/comments?post=18904"}],"wp:featuredmedia":[{"embeddable":true,"href":"https:\/\/eam-scientific.com\/de\/wp-json\/wp\/v2\/media\/18999"}],"wp:attachment":[{"href":"https:\/\/eam-scientific.com\/de\/wp-json\/wp\/v2\/media?parent=18904"}],"wp:term":[{"taxonomy":"product_cat","embeddable":true,"href":"https:\/\/eam-scientific.com\/de\/wp-json\/wp\/v2\/product_cat?post=18904"},{"taxonomy":"product_tag","embeddable":true,"href":"https:\/\/eam-scientific.com\/de\/wp-json\/wp\/v2\/product_tag?post=18904"}],"curies":[{"name":"wp","href":"https:\/\/api.w.org\/{rel}","templated":true}]}}