{"id":18933,"date":"2024-07-07T22:08:37","date_gmt":"2024-07-07T20:08:37","guid":{"rendered":"https:\/\/eam-scientific.com\/?post_type=product&#038;p=18933"},"modified":"2024-07-07T22:09:11","modified_gmt":"2024-07-07T20:09:11","slug":"tlc-dc-mikro-set-a-fuer-anfaenger","status":"publish","type":"product","link":"https:\/\/eam-scientific.com\/de\/produkt\/tlc-dc-mikro-set-a-fuer-anfaenger\/","title":{"rendered":"TLC (DC) Mikro-Set A f\u00fcr Anf\u00e4nger"},"content":{"rendered":"<p>TLC Micro-Set A f\u00fcr Anf\u00e4nger. Dieses Micro-Set A enth\u00e4lt alle Chemikalien und Hilfsmittel f\u00fcr die folgenden Versuche &#8211; Trennung einer Mischung von fettl\u00f6slichen \/ lipophilen Farbstoffen (Testfarbstoffgemisch 1) &#8211; Buttergelb, Indophenol, Sudanblau II, Sudanrot G , Trennung einer Mischung von Anthrachinonfarbstoffen (Testfarbstoffgemsich 2) &#8211; Blau 1, Blau 3, Gr\u00fcn, Gr\u00fcnblau, Rot, Violett 1, Violett 2, Trennung einer Mischung von Lebensmittelfarbstoffen (Testfarbstoffgemisch 3) &#8211; Brillantschwarz BN (E151), Echtrot E, Erythrosin (E127), Gelborange S (Sonnenuntergangsgelb CFC, E110), Naphtholrot S, Ponceau 4 R (E124), Tartrazin (E102), Trennung von Filzstiftfarbstoffen. Dieses Produkt enth\u00e4lt kennzeichnungspflichtige Gefahrstoffe. F\u00fcr detaillierte Informationen bitte das Sicherheitsdatenblatt beachten.<\/p>\n","protected":false},"excerpt":{"rendered":"<p>TLC Micro-Set A f\u00fcr Anf\u00e4nger. Dieses Micro-Set A enth\u00e4lt alle Chemikalien und Hilfsmittel f\u00fcr die folgenden Versuche &#8211; Trennung einer Mischung von fettl\u00f6slichen \/ lipophilen Farbstoffen (Testfarbstoffgemisch 1) &#8211; Buttergelb, Indophenol, Sudanblau II, Sudanrot G , Trennung einer Mischung von Anthrachinonfarbstoffen (Testfarbstoffgemsich 2) &#8211; Blau 1, Blau 3, Gr\u00fcn, Gr\u00fcnblau, Rot, Violett 1, Violett 2, [&hellip;]<\/p>\n","protected":false},"featured_media":19005,"comment_status":"open","ping_status":"closed","template":"","meta":[],"product_cat":[25,144,56],"product_tag":[],"class_list":{"0":"post-18933","1":"product","2":"type-product","3":"status-publish","4":"has-post-thumbnail","6":"product_cat-chromatographie","7":"product_cat-dc-mikro-sets","8":"product_cat-duennschichtchromatographie-tlc","10":"first","11":"instock","12":"shipping-taxable","13":"product-type-simple"},"_links":{"self":[{"href":"https:\/\/eam-scientific.com\/de\/wp-json\/wp\/v2\/product\/18933","targetHints":{"allow":["GET"]}}],"collection":[{"href":"https:\/\/eam-scientific.com\/de\/wp-json\/wp\/v2\/product"}],"about":[{"href":"https:\/\/eam-scientific.com\/de\/wp-json\/wp\/v2\/types\/product"}],"replies":[{"embeddable":true,"href":"https:\/\/eam-scientific.com\/de\/wp-json\/wp\/v2\/comments?post=18933"}],"wp:featuredmedia":[{"embeddable":true,"href":"https:\/\/eam-scientific.com\/de\/wp-json\/wp\/v2\/media\/19005"}],"wp:attachment":[{"href":"https:\/\/eam-scientific.com\/de\/wp-json\/wp\/v2\/media?parent=18933"}],"wp:term":[{"taxonomy":"product_cat","embeddable":true,"href":"https:\/\/eam-scientific.com\/de\/wp-json\/wp\/v2\/product_cat?post=18933"},{"taxonomy":"product_tag","embeddable":true,"href":"https:\/\/eam-scientific.com\/de\/wp-json\/wp\/v2\/product_tag?post=18933"}],"curies":[{"name":"wp","href":"https:\/\/api.w.org\/{rel}","templated":true}]}}