{"id":18935,"date":"2024-07-07T22:08:37","date_gmt":"2024-07-07T20:08:37","guid":{"rendered":"https:\/\/eam-scientific.com\/?post_type=product&#038;p=18935"},"modified":"2024-07-07T22:09:14","modified_gmt":"2024-07-07T20:09:14","slug":"dc-testmischung-fuer-mikro-set-a-fettloesliche-lipophile-farbstoffe","status":"publish","type":"product","link":"https:\/\/eam-scientific.com\/de\/produkt\/dc-testmischung-fuer-mikro-set-a-fettloesliche-lipophile-farbstoffe\/","title":{"rendered":"DC-Testmischung f\u00fcr Mikro-Set A, fettl\u00f6sliche, lipophile Farbstoffe"},"content":{"rendered":"<p>Testfarbstoffgemisch 1, L\u00f6sung aus fettl\u00f6slichen \/ lipophilen Farbstoffen &#8211; Buttergelb, Indophenol, Sudanblau II, Sudanrot G, gel\u00f6st in Toluol. Dieses Produkt enth\u00e4lt kennzeichnungspflichtige Gefahrstoffe. F\u00fcr detaillierte Informationen bitte das Sicherheitsdatenblatt beachten.<\/p>\n","protected":false},"excerpt":{"rendered":"<p>Testfarbstoffgemisch 1, L\u00f6sung aus fettl\u00f6slichen \/ lipophilen Farbstoffen &#8211; Buttergelb, Indophenol, Sudanblau II, Sudanrot G, gel\u00f6st in Toluol. Dieses Produkt enth\u00e4lt kennzeichnungspflichtige Gefahrstoffe. F\u00fcr detaillierte Informationen bitte das Sicherheitsdatenblatt beachten.<\/p>\n","protected":false},"featured_media":19011,"comment_status":"open","ping_status":"closed","template":"","meta":[],"product_cat":[25,144,56],"product_tag":[],"class_list":{"0":"post-18935","1":"product","2":"type-product","3":"status-publish","4":"has-post-thumbnail","6":"product_cat-chromatographie","7":"product_cat-dc-mikro-sets","8":"product_cat-duennschichtchromatographie-tlc","10":"first","11":"instock","12":"shipping-taxable","13":"product-type-simple"},"_links":{"self":[{"href":"https:\/\/eam-scientific.com\/de\/wp-json\/wp\/v2\/product\/18935","targetHints":{"allow":["GET"]}}],"collection":[{"href":"https:\/\/eam-scientific.com\/de\/wp-json\/wp\/v2\/product"}],"about":[{"href":"https:\/\/eam-scientific.com\/de\/wp-json\/wp\/v2\/types\/product"}],"replies":[{"embeddable":true,"href":"https:\/\/eam-scientific.com\/de\/wp-json\/wp\/v2\/comments?post=18935"}],"wp:featuredmedia":[{"embeddable":true,"href":"https:\/\/eam-scientific.com\/de\/wp-json\/wp\/v2\/media\/19011"}],"wp:attachment":[{"href":"https:\/\/eam-scientific.com\/de\/wp-json\/wp\/v2\/media?parent=18935"}],"wp:term":[{"taxonomy":"product_cat","embeddable":true,"href":"https:\/\/eam-scientific.com\/de\/wp-json\/wp\/v2\/product_cat?post=18935"},{"taxonomy":"product_tag","embeddable":true,"href":"https:\/\/eam-scientific.com\/de\/wp-json\/wp\/v2\/product_tag?post=18935"}],"curies":[{"name":"wp","href":"https:\/\/api.w.org\/{rel}","templated":true}]}}