{"id":18978,"date":"2024-07-07T22:08:59","date_gmt":"2024-07-07T20:08:59","guid":{"rendered":"https:\/\/eam-scientific.com\/?post_type=product&#038;p=18978"},"modified":"2024-07-07T22:23:57","modified_gmt":"2024-07-07T20:23:57","slug":"dc-nachweisreagenz-bromkresolgruen-100-ml","status":"publish","type":"product","link":"https:\/\/eam-scientific.com\/de\/produkt\/dc-nachweisreagenz-bromkresolgruen-100-ml\/","title":{"rendered":"DC Nachweisreagenz, Bromkresolgr\u00fcn, 100 mL"},"content":{"rendered":"<p>DC Nachweis-(F\u00e4rbe-)Reagenz Bromokresolgr\u00fcn zum Nachweis von organischen S\u00e4uren. Dieses Produkt enth\u00e4lt kennzeichnungspflichtige Gefahrstoffe. F\u00fcr detaillierte Informationen bitte das Sicherheitsdatenblatt beachten.<\/p>\n","protected":false},"excerpt":{"rendered":"<p>DC Nachweis-(F\u00e4rbe-)Reagenz Bromokresolgr\u00fcn zum Nachweis von organischen S\u00e4uren. Dieses Produkt enth\u00e4lt kennzeichnungspflichtige Gefahrstoffe. F\u00fcr detaillierte Informationen bitte das Sicherheitsdatenblatt beachten.<\/p>\n","protected":false},"featured_media":19042,"comment_status":"open","ping_status":"closed","template":"","meta":[],"product_cat":[25,145,56],"product_tag":[],"class_list":{"0":"post-18978","1":"product","2":"type-product","3":"status-publish","4":"has-post-thumbnail","6":"product_cat-chromatographie","7":"product_cat-dc-sorbentien-und-zubehoer","8":"product_cat-duennschichtchromatographie-tlc","10":"first","11":"instock","12":"shipping-taxable","13":"product-type-simple"},"_links":{"self":[{"href":"https:\/\/eam-scientific.com\/de\/wp-json\/wp\/v2\/product\/18978","targetHints":{"allow":["GET"]}}],"collection":[{"href":"https:\/\/eam-scientific.com\/de\/wp-json\/wp\/v2\/product"}],"about":[{"href":"https:\/\/eam-scientific.com\/de\/wp-json\/wp\/v2\/types\/product"}],"replies":[{"embeddable":true,"href":"https:\/\/eam-scientific.com\/de\/wp-json\/wp\/v2\/comments?post=18978"}],"wp:featuredmedia":[{"embeddable":true,"href":"https:\/\/eam-scientific.com\/de\/wp-json\/wp\/v2\/media\/19042"}],"wp:attachment":[{"href":"https:\/\/eam-scientific.com\/de\/wp-json\/wp\/v2\/media?parent=18978"}],"wp:term":[{"taxonomy":"product_cat","embeddable":true,"href":"https:\/\/eam-scientific.com\/de\/wp-json\/wp\/v2\/product_cat?post=18978"},{"taxonomy":"product_tag","embeddable":true,"href":"https:\/\/eam-scientific.com\/de\/wp-json\/wp\/v2\/product_tag?post=18978"}],"curies":[{"name":"wp","href":"https:\/\/api.w.org\/{rel}","templated":true}]}}