{"id":18982,"date":"2024-07-07T22:08:59","date_gmt":"2024-07-07T20:08:59","guid":{"rendered":"https:\/\/eam-scientific.com\/?post_type=product&#038;p=18982"},"modified":"2024-07-07T22:09:37","modified_gmt":"2024-07-07T20:09:37","slug":"dc-entwicklungskammer-fuer-kleine-dc-formate","status":"publish","type":"product","link":"https:\/\/eam-scientific.com\/de\/produkt\/dc-entwicklungskammer-fuer-kleine-dc-formate\/","title":{"rendered":"DC-Entwicklungskammer f\u00fcr kleine DC-Formate"},"content":{"rendered":"<p>Marmeladenglasf\u00f6rmige Entwicklungskammern f\u00fcr DC-Anwendungen. Verwendung von kleinen DC-Platten und -Folien.&#038;nbsp,Abmessungen: H\u00f6he 109 mm, Durchmesser 63 mm, Gewindetyp GL 55, Glas der hydrolytischen Kategorie III, Deckel ist aus PP mit LDPE-Dichtungsscheibe.<\/p>\n","protected":false},"excerpt":{"rendered":"<p>Marmeladenglasf\u00f6rmige Entwicklungskammern f\u00fcr DC-Anwendungen. Verwendung von kleinen DC-Platten und -Folien.&#038;nbsp,Abmessungen: H\u00f6he 109 mm, Durchmesser 63 mm, Gewindetyp GL 55, Glas der hydrolytischen Kategorie III, Deckel ist aus PP mit LDPE-Dichtungsscheibe.<\/p>\n","protected":false},"featured_media":19054,"comment_status":"open","ping_status":"closed","template":"","meta":[],"product_cat":[25,145,56],"product_tag":[],"class_list":{"0":"post-18982","1":"product","2":"type-product","3":"status-publish","4":"has-post-thumbnail","6":"product_cat-chromatographie","7":"product_cat-dc-sorbentien-und-zubehoer","8":"product_cat-duennschichtchromatographie-tlc","10":"first","11":"instock","12":"shipping-taxable","13":"product-type-simple"},"_links":{"self":[{"href":"https:\/\/eam-scientific.com\/de\/wp-json\/wp\/v2\/product\/18982","targetHints":{"allow":["GET"]}}],"collection":[{"href":"https:\/\/eam-scientific.com\/de\/wp-json\/wp\/v2\/product"}],"about":[{"href":"https:\/\/eam-scientific.com\/de\/wp-json\/wp\/v2\/types\/product"}],"replies":[{"embeddable":true,"href":"https:\/\/eam-scientific.com\/de\/wp-json\/wp\/v2\/comments?post=18982"}],"wp:featuredmedia":[{"embeddable":true,"href":"https:\/\/eam-scientific.com\/de\/wp-json\/wp\/v2\/media\/19054"}],"wp:attachment":[{"href":"https:\/\/eam-scientific.com\/de\/wp-json\/wp\/v2\/media?parent=18982"}],"wp:term":[{"taxonomy":"product_cat","embeddable":true,"href":"https:\/\/eam-scientific.com\/de\/wp-json\/wp\/v2\/product_cat?post=18982"},{"taxonomy":"product_tag","embeddable":true,"href":"https:\/\/eam-scientific.com\/de\/wp-json\/wp\/v2\/product_tag?post=18982"}],"curies":[{"name":"wp","href":"https:\/\/api.w.org\/{rel}","templated":true}]}}