{"id":18989,"date":"2024-07-07T22:08:59","date_gmt":"2024-07-07T20:08:59","guid":{"rendered":"https:\/\/eam-scientific.com\/?post_type=product&#038;p=18989"},"modified":"2024-07-07T22:23:57","modified_gmt":"2024-07-07T20:23:57","slug":"fluoreszenzindikator-fuer-die-dc-uv254-gruene-fluoreszenz","status":"publish","type":"product","link":"https:\/\/eam-scientific.com\/de\/produkt\/fluoreszenzindikator-fuer-die-dc-uv254-gruene-fluoreszenz\/","title":{"rendered":"Fluoreszenzindikator f\u00fcr die DC, UV254, gr\u00fcne Fluoreszenz"},"content":{"rendered":"<p>UV-Indikator mit leistungsstarker Strahlung f\u00fcr kurzwellige UV-Bereiche. UV254 &#8211; manganaktiviertes Zinksilikat mit Absorptionsmaximum bei 254 nm (gr\u00fcne Fluoreszenz). Relativ s\u00e4ureempfindlich, daher kann seine Fluoreszenz durch saure Laufmittel vollst\u00e4ndig gel\u00f6scht werden.<\/p>\n","protected":false},"excerpt":{"rendered":"<p>UV-Indikator mit leistungsstarker Strahlung f\u00fcr kurzwellige UV-Bereiche. UV254 &#8211; manganaktiviertes Zinksilikat mit Absorptionsmaximum bei 254 nm (gr\u00fcne Fluoreszenz). Relativ s\u00e4ureempfindlich, daher kann seine Fluoreszenz durch saure Laufmittel vollst\u00e4ndig gel\u00f6scht werden.<\/p>\n","protected":false},"featured_media":19081,"comment_status":"open","ping_status":"closed","template":"","meta":[],"product_cat":[25,145,56],"product_tag":[],"class_list":{"0":"post-18989","1":"product","2":"type-product","3":"status-publish","4":"has-post-thumbnail","6":"product_cat-chromatographie","7":"product_cat-dc-sorbentien-und-zubehoer","8":"product_cat-duennschichtchromatographie-tlc","10":"first","11":"instock","12":"shipping-taxable","13":"product-type-simple"},"_links":{"self":[{"href":"https:\/\/eam-scientific.com\/de\/wp-json\/wp\/v2\/product\/18989","targetHints":{"allow":["GET"]}}],"collection":[{"href":"https:\/\/eam-scientific.com\/de\/wp-json\/wp\/v2\/product"}],"about":[{"href":"https:\/\/eam-scientific.com\/de\/wp-json\/wp\/v2\/types\/product"}],"replies":[{"embeddable":true,"href":"https:\/\/eam-scientific.com\/de\/wp-json\/wp\/v2\/comments?post=18989"}],"wp:featuredmedia":[{"embeddable":true,"href":"https:\/\/eam-scientific.com\/de\/wp-json\/wp\/v2\/media\/19081"}],"wp:attachment":[{"href":"https:\/\/eam-scientific.com\/de\/wp-json\/wp\/v2\/media?parent=18989"}],"wp:term":[{"taxonomy":"product_cat","embeddable":true,"href":"https:\/\/eam-scientific.com\/de\/wp-json\/wp\/v2\/product_cat?post=18989"},{"taxonomy":"product_tag","embeddable":true,"href":"https:\/\/eam-scientific.com\/de\/wp-json\/wp\/v2\/product_tag?post=18989"}],"curies":[{"name":"wp","href":"https:\/\/api.w.org\/{rel}","templated":true}]}}