{"id":19029,"date":"2024-07-07T22:09:21","date_gmt":"2024-07-07T20:09:21","guid":{"rendered":"https:\/\/eam-scientific.com\/?post_type=product&#038;p=19029"},"modified":"2024-07-07T22:23:57","modified_gmt":"2024-07-07T20:23:57","slug":"laborsprueher-glas-mit-gummiball","status":"publish","type":"product","link":"https:\/\/eam-scientific.com\/de\/produkt\/laborsprueher-glas-mit-gummiball\/","title":{"rendered":"Laborspr\u00fcher, Glas, mit Gummiball"},"content":{"rendered":"<p>Laborreagenzienspr\u00fcher aus Glas mit Gummiball. Wird f\u00fcr D\u00fcnnschichtchromatographie (DC\/HPTLC) F\u00e4rbe-(Spr\u00fch-)-Reagenzien verwendet.<\/p>\n","protected":false},"excerpt":{"rendered":"<p>Laborreagenzienspr\u00fcher aus Glas mit Gummiball. Wird f\u00fcr D\u00fcnnschichtchromatographie (DC\/HPTLC) F\u00e4rbe-(Spr\u00fch-)-Reagenzien verwendet.<\/p>\n","protected":false},"featured_media":19114,"comment_status":"open","ping_status":"closed","template":"","meta":[],"product_cat":[25,145,56],"product_tag":[],"class_list":{"0":"post-19029","1":"product","2":"type-product","3":"status-publish","4":"has-post-thumbnail","6":"product_cat-chromatographie","7":"product_cat-dc-sorbentien-und-zubehoer","8":"product_cat-duennschichtchromatographie-tlc","10":"first","11":"instock","12":"shipping-taxable","13":"product-type-simple"},"_links":{"self":[{"href":"https:\/\/eam-scientific.com\/de\/wp-json\/wp\/v2\/product\/19029","targetHints":{"allow":["GET"]}}],"collection":[{"href":"https:\/\/eam-scientific.com\/de\/wp-json\/wp\/v2\/product"}],"about":[{"href":"https:\/\/eam-scientific.com\/de\/wp-json\/wp\/v2\/types\/product"}],"replies":[{"embeddable":true,"href":"https:\/\/eam-scientific.com\/de\/wp-json\/wp\/v2\/comments?post=19029"}],"wp:featuredmedia":[{"embeddable":true,"href":"https:\/\/eam-scientific.com\/de\/wp-json\/wp\/v2\/media\/19114"}],"wp:attachment":[{"href":"https:\/\/eam-scientific.com\/de\/wp-json\/wp\/v2\/media?parent=19029"}],"wp:term":[{"taxonomy":"product_cat","embeddable":true,"href":"https:\/\/eam-scientific.com\/de\/wp-json\/wp\/v2\/product_cat?post=19029"},{"taxonomy":"product_tag","embeddable":true,"href":"https:\/\/eam-scientific.com\/de\/wp-json\/wp\/v2\/product_tag?post=19029"}],"curies":[{"name":"wp","href":"https:\/\/api.w.org\/{rel}","templated":true}]}}