{"id":19212,"date":"2024-07-07T22:10:41","date_gmt":"2024-07-07T20:10:41","guid":{"rendered":"https:\/\/eam-scientific.com\/?post_type=product&#038;p=19212"},"modified":"2024-07-07T22:10:47","modified_gmt":"2024-07-07T20:10:47","slug":"gc-saeule-unpolar-optima-1-ms-accent-30-m-l-025-mm-id-05-%c2%b5m-df","status":"publish","type":"product","link":"https:\/\/eam-scientific.com\/de\/produkt\/gc-saeule-unpolar-optima-1-ms-accent-30-m-l-025-mm-id-05-%c2%b5m-df\/","title":{"rendered":"GC S\u00e4ule, unpolar, OPTIMA 1 MS Accent, 30 m L, 0,25 mm ID, 0,5 \u00b5m df"},"content":{"rendered":"<p>Hochleistungskapillars\u00e4ulen f\u00fcr die Gaschromatographie (GC), Dimethylpolysiloxan mit extrem niedrigem Bluten, unpolare GC-Phase, erf\u00fcllt USP G1|G2|G38. Unpolare Phase mit extrem geringem Bluten, ideal f\u00fcr Ion-Trap- und Quadrupol-MS-Detektoren. Erh\u00f6hte Empfindlichkeit durch einen un\u00fcbertroffen niedrigen Hintergrundwert. Perfekte Inertheit f\u00fcr basische Verbindungen. L\u00f6semittelsp\u00fclen zur Entfernung von Verunreinigungen anwendbar. \u00c4hnliche Phasen:Ultra-1, DB-1MS, HP-1MS, Rtx-1MS, Rxi-1MS, Equity-1, AT-1MS, VF-1MS, CP-Sil 5 CB MS<\/p>\n","protected":false},"excerpt":{"rendered":"<p>Hochleistungskapillars\u00e4ulen f\u00fcr die Gaschromatographie (GC), Dimethylpolysiloxan mit extrem niedrigem Bluten, unpolare GC-Phase, erf\u00fcllt USP G1|G2|G38. Unpolare Phase mit extrem geringem Bluten, ideal f\u00fcr Ion-Trap- und Quadrupol-MS-Detektoren. Erh\u00f6hte Empfindlichkeit durch einen un\u00fcbertroffen niedrigen Hintergrundwert. Perfekte Inertheit f\u00fcr basische Verbindungen. L\u00f6semittelsp\u00fclen zur Entfernung von Verunreinigungen anwendbar. \u00c4hnliche Phasen:Ultra-1, DB-1MS, HP-1MS, Rtx-1MS, Rxi-1MS, Equity-1, AT-1MS, VF-1MS, CP-Sil 5 [&hellip;]<\/p>\n","protected":false},"featured_media":19236,"comment_status":"open","ping_status":"closed","template":"","meta":[],"product_cat":[25,146,147],"product_tag":[],"class_list":{"0":"post-19212","1":"product","2":"type-product","3":"status-publish","4":"has-post-thumbnail","6":"product_cat-chromatographie","7":"product_cat-gaschromatographie-gc","8":"product_cat-gc-saeulen","10":"first","11":"instock","12":"shipping-taxable","13":"product-type-simple"},"_links":{"self":[{"href":"https:\/\/eam-scientific.com\/de\/wp-json\/wp\/v2\/product\/19212","targetHints":{"allow":["GET"]}}],"collection":[{"href":"https:\/\/eam-scientific.com\/de\/wp-json\/wp\/v2\/product"}],"about":[{"href":"https:\/\/eam-scientific.com\/de\/wp-json\/wp\/v2\/types\/product"}],"replies":[{"embeddable":true,"href":"https:\/\/eam-scientific.com\/de\/wp-json\/wp\/v2\/comments?post=19212"}],"wp:featuredmedia":[{"embeddable":true,"href":"https:\/\/eam-scientific.com\/de\/wp-json\/wp\/v2\/media\/19236"}],"wp:attachment":[{"href":"https:\/\/eam-scientific.com\/de\/wp-json\/wp\/v2\/media?parent=19212"}],"wp:term":[{"taxonomy":"product_cat","embeddable":true,"href":"https:\/\/eam-scientific.com\/de\/wp-json\/wp\/v2\/product_cat?post=19212"},{"taxonomy":"product_tag","embeddable":true,"href":"https:\/\/eam-scientific.com\/de\/wp-json\/wp\/v2\/product_tag?post=19212"}],"curies":[{"name":"wp","href":"https:\/\/api.w.org\/{rel}","templated":true}]}}