{"id":19214,"date":"2024-07-07T22:10:42","date_gmt":"2024-07-07T20:10:42","guid":{"rendered":"https:\/\/eam-scientific.com\/?post_type=product&#038;p=19214"},"modified":"2024-07-07T22:10:48","modified_gmt":"2024-07-07T20:10:48","slug":"gc-saeule-mittelpolar-optima-17-tg-10-m-l-032-mm-id-proprietaere-df","status":"publish","type":"product","link":"https:\/\/eam-scientific.com\/de\/produkt\/gc-saeule-mittelpolar-optima-17-tg-10-m-l-032-mm-id-proprietaere-df\/","title":{"rendered":"GC S\u00e4ule, mittelpolar, OPTIMA 17 TG, 10 m L, 0,32 mm ID, propriet\u00e4re df"},"content":{"rendered":"<p>Hochleistungskapillars\u00e4ulen f\u00fcr die Gaschromatographie (GC), Phenylmethylpolysiloxan (50 % Phenyl), mittelpolar f\u00fcr Triglyceridanalysen, erf\u00fcllt USP G3 <\/p>\n","protected":false},"excerpt":{"rendered":"<p>Hochleistungskapillars\u00e4ulen f\u00fcr die Gaschromatographie (GC), Phenylmethylpolysiloxan (50 % Phenyl), mittelpolar f\u00fcr Triglyceridanalysen, erf\u00fcllt USP G3<\/p>\n","protected":false},"featured_media":19242,"comment_status":"open","ping_status":"closed","template":"","meta":[],"product_cat":[25,146,147],"product_tag":[],"class_list":{"0":"post-19214","1":"product","2":"type-product","3":"status-publish","4":"has-post-thumbnail","6":"product_cat-chromatographie","7":"product_cat-gaschromatographie-gc","8":"product_cat-gc-saeulen","10":"first","11":"instock","12":"shipping-taxable","13":"product-type-simple"},"_links":{"self":[{"href":"https:\/\/eam-scientific.com\/de\/wp-json\/wp\/v2\/product\/19214","targetHints":{"allow":["GET"]}}],"collection":[{"href":"https:\/\/eam-scientific.com\/de\/wp-json\/wp\/v2\/product"}],"about":[{"href":"https:\/\/eam-scientific.com\/de\/wp-json\/wp\/v2\/types\/product"}],"replies":[{"embeddable":true,"href":"https:\/\/eam-scientific.com\/de\/wp-json\/wp\/v2\/comments?post=19214"}],"wp:featuredmedia":[{"embeddable":true,"href":"https:\/\/eam-scientific.com\/de\/wp-json\/wp\/v2\/media\/19242"}],"wp:attachment":[{"href":"https:\/\/eam-scientific.com\/de\/wp-json\/wp\/v2\/media?parent=19214"}],"wp:term":[{"taxonomy":"product_cat","embeddable":true,"href":"https:\/\/eam-scientific.com\/de\/wp-json\/wp\/v2\/product_cat?post=19214"},{"taxonomy":"product_tag","embeddable":true,"href":"https:\/\/eam-scientific.com\/de\/wp-json\/wp\/v2\/product_tag?post=19214"}],"curies":[{"name":"wp","href":"https:\/\/api.w.org\/{rel}","templated":true}]}}