{"id":19220,"date":"2024-07-07T22:10:42","date_gmt":"2024-07-07T20:10:42","guid":{"rendered":"https:\/\/eam-scientific.com\/?post_type=product&#038;p=19220"},"modified":"2024-07-07T22:10:54","modified_gmt":"2024-07-07T20:10:54","slug":"gc-saeule-un-gering-polar-optima-5-ms-accent-30-m-l-032-mm-id-05-%c2%b5m-df","status":"publish","type":"product","link":"https:\/\/eam-scientific.com\/de\/produkt\/gc-saeule-un-gering-polar-optima-5-ms-accent-30-m-l-032-mm-id-05-%c2%b5m-df\/","title":{"rendered":"GC S\u00e4ule, un-\/\u2013gering polar, OPTIMA 5 MS Accent, 30 m L, 0,32 mm ID, 0,5 \u00b5m df"},"content":{"rendered":"<p>Hochleistungs-GC-Kapillars\u00e4ule, extrem niedriges Bluten, Polarit\u00e4t \u00e4hnlich 5 % Diphenyl &#8211; 95 % Dimethylpolysiloxan, unpolare &#8211; schwach polare GC-Phase, erf\u00fcllt USP G27|G36. \u00c4hnliche Phasen: DB-5 MS, HP-5 MS, Ultra-2, Equity-5, CP-Sil 8 CB low bleed\/MS, Rtx-5SIL-MS, Rtx-5 MS, Rxi-5 MS, 007-5 MS, BPX5, MDN-5S, AT-5 MS, VF-5 MS.<\/p>\n","protected":false},"excerpt":{"rendered":"<p>Hochleistungs-GC-Kapillars\u00e4ule, extrem niedriges Bluten, Polarit\u00e4t \u00e4hnlich 5 % Diphenyl &#8211; 95 % Dimethylpolysiloxan, unpolare &#8211; schwach polare GC-Phase, erf\u00fcllt USP G27|G36. \u00c4hnliche Phasen: DB-5 MS, HP-5 MS, Ultra-2, Equity-5, CP-Sil 8 CB low bleed\/MS, Rtx-5SIL-MS, Rtx-5 MS, Rxi-5 MS, 007-5 MS, BPX5, MDN-5S, AT-5 MS, VF-5 MS.<\/p>\n","protected":false},"featured_media":19260,"comment_status":"open","ping_status":"closed","template":"","meta":[],"product_cat":[25,146,147],"product_tag":[],"class_list":{"0":"post-19220","1":"product","2":"type-product","3":"status-publish","4":"has-post-thumbnail","6":"product_cat-chromatographie","7":"product_cat-gaschromatographie-gc","8":"product_cat-gc-saeulen","10":"first","11":"instock","12":"shipping-taxable","13":"product-type-simple"},"_links":{"self":[{"href":"https:\/\/eam-scientific.com\/de\/wp-json\/wp\/v2\/product\/19220","targetHints":{"allow":["GET"]}}],"collection":[{"href":"https:\/\/eam-scientific.com\/de\/wp-json\/wp\/v2\/product"}],"about":[{"href":"https:\/\/eam-scientific.com\/de\/wp-json\/wp\/v2\/types\/product"}],"replies":[{"embeddable":true,"href":"https:\/\/eam-scientific.com\/de\/wp-json\/wp\/v2\/comments?post=19220"}],"wp:featuredmedia":[{"embeddable":true,"href":"https:\/\/eam-scientific.com\/de\/wp-json\/wp\/v2\/media\/19260"}],"wp:attachment":[{"href":"https:\/\/eam-scientific.com\/de\/wp-json\/wp\/v2\/media?parent=19220"}],"wp:term":[{"taxonomy":"product_cat","embeddable":true,"href":"https:\/\/eam-scientific.com\/de\/wp-json\/wp\/v2\/product_cat?post=19220"},{"taxonomy":"product_tag","embeddable":true,"href":"https:\/\/eam-scientific.com\/de\/wp-json\/wp\/v2\/product_tag?post=19220"}],"curies":[{"name":"wp","href":"https:\/\/api.w.org\/{rel}","templated":true}]}}