{"id":19326,"date":"2024-07-07T22:11:10","date_gmt":"2024-07-07T20:11:10","guid":{"rendered":"https:\/\/eam-scientific.com\/?post_type=product&#038;p=19326"},"modified":"2024-07-07T22:11:17","modified_gmt":"2024-07-07T20:11:17","slug":"gc-saeule-un-gering-polar-optima-5-10-m-l-053-mm-id-05-%c2%b5m-df","status":"publish","type":"product","link":"https:\/\/eam-scientific.com\/de\/produkt\/gc-saeule-un-gering-polar-optima-5-10-m-l-053-mm-id-05-%c2%b5m-df\/","title":{"rendered":"GC S\u00e4ule, un-\/\u2013gering polar, OPTIMA 5, 10 m L, 0,53 mm ID, 0,5 \u00b5m df"},"content":{"rendered":"<p>Hochleistungskapillars\u00e4ulen f\u00fcr die Gaschromatographie (GC), 5 % Phenyl &#8211; 95 % Methylpolysiloxan, unpolare &#8211; schwach polare GC-Phase, erf\u00fcllt USP G27|G36. \u00c4hnliche Phasen: SE-54, SE-52, HP-5, SPB-5, CP-Sil 8, Rtx-5, 007-5, BP5, MDN-5, AT-5, ZB-5<\/p>\n","protected":false},"excerpt":{"rendered":"<p>Hochleistungskapillars\u00e4ulen f\u00fcr die Gaschromatographie (GC), 5 % Phenyl &#8211; 95 % Methylpolysiloxan, unpolare &#8211; schwach polare GC-Phase, erf\u00fcllt USP G27|G36. \u00c4hnliche Phasen: SE-54, SE-52, HP-5, SPB-5, CP-Sil 8, Rtx-5, 007-5, BP5, MDN-5, AT-5, ZB-5<\/p>\n","protected":false},"featured_media":19349,"comment_status":"open","ping_status":"closed","template":"","meta":[],"product_cat":[25,146,147],"product_tag":[],"class_list":{"0":"post-19326","1":"product","2":"type-product","3":"status-publish","4":"has-post-thumbnail","6":"product_cat-chromatographie","7":"product_cat-gaschromatographie-gc","8":"product_cat-gc-saeulen","10":"first","11":"instock","12":"shipping-taxable","13":"product-type-simple"},"_links":{"self":[{"href":"https:\/\/eam-scientific.com\/de\/wp-json\/wp\/v2\/product\/19326","targetHints":{"allow":["GET"]}}],"collection":[{"href":"https:\/\/eam-scientific.com\/de\/wp-json\/wp\/v2\/product"}],"about":[{"href":"https:\/\/eam-scientific.com\/de\/wp-json\/wp\/v2\/types\/product"}],"replies":[{"embeddable":true,"href":"https:\/\/eam-scientific.com\/de\/wp-json\/wp\/v2\/comments?post=19326"}],"wp:featuredmedia":[{"embeddable":true,"href":"https:\/\/eam-scientific.com\/de\/wp-json\/wp\/v2\/media\/19349"}],"wp:attachment":[{"href":"https:\/\/eam-scientific.com\/de\/wp-json\/wp\/v2\/media?parent=19326"}],"wp:term":[{"taxonomy":"product_cat","embeddable":true,"href":"https:\/\/eam-scientific.com\/de\/wp-json\/wp\/v2\/product_cat?post=19326"},{"taxonomy":"product_tag","embeddable":true,"href":"https:\/\/eam-scientific.com\/de\/wp-json\/wp\/v2\/product_tag?post=19326"}],"curies":[{"name":"wp","href":"https:\/\/api.w.org\/{rel}","templated":true}]}}