{"id":19328,"date":"2024-07-07T22:11:10","date_gmt":"2024-07-07T20:11:10","guid":{"rendered":"https:\/\/eam-scientific.com\/?post_type=product&#038;p=19328"},"modified":"2024-07-07T22:11:19","modified_gmt":"2024-07-07T20:11:19","slug":"gc-saeule-permabond-silane-25-m-l-053-mm-id-proprietaere-df","status":"publish","type":"product","link":"https:\/\/eam-scientific.com\/de\/produkt\/gc-saeule-permabond-silane-25-m-l-053-mm-id-proprietaere-df\/","title":{"rendered":"GC S\u00e4ule, PERMABOND Silane, 25 m L, 0,53 mm ID, propriet\u00e4re df"},"content":{"rendered":"<p>Kapillars\u00e4ulen f\u00fcr die Gaschromatographie (GC). Speziell f\u00fcr die Analyse von monomeren Silanen und Chlorsilanen entwickelt (nicht f\u00fcr die Trennung von Trimethylsilylderivaten). Auch f\u00fcr die Trennung von dimeren Siloxanen und Silazanen geeignet.<\/p>\n","protected":false},"excerpt":{"rendered":"<p>Kapillars\u00e4ulen f\u00fcr die Gaschromatographie (GC). Speziell f\u00fcr die Analyse von monomeren Silanen und Chlorsilanen entwickelt (nicht f\u00fcr die Trennung von Trimethylsilylderivaten). Auch f\u00fcr die Trennung von dimeren Siloxanen und Silazanen geeignet.<\/p>\n","protected":false},"featured_media":19355,"comment_status":"open","ping_status":"closed","template":"","meta":[],"product_cat":[25,146,147],"product_tag":[],"class_list":{"0":"post-19328","1":"product","2":"type-product","3":"status-publish","4":"has-post-thumbnail","6":"product_cat-chromatographie","7":"product_cat-gaschromatographie-gc","8":"product_cat-gc-saeulen","10":"first","11":"instock","12":"shipping-taxable","13":"product-type-simple"},"_links":{"self":[{"href":"https:\/\/eam-scientific.com\/de\/wp-json\/wp\/v2\/product\/19328","targetHints":{"allow":["GET"]}}],"collection":[{"href":"https:\/\/eam-scientific.com\/de\/wp-json\/wp\/v2\/product"}],"about":[{"href":"https:\/\/eam-scientific.com\/de\/wp-json\/wp\/v2\/types\/product"}],"replies":[{"embeddable":true,"href":"https:\/\/eam-scientific.com\/de\/wp-json\/wp\/v2\/comments?post=19328"}],"wp:featuredmedia":[{"embeddable":true,"href":"https:\/\/eam-scientific.com\/de\/wp-json\/wp\/v2\/media\/19355"}],"wp:attachment":[{"href":"https:\/\/eam-scientific.com\/de\/wp-json\/wp\/v2\/media?parent=19328"}],"wp:term":[{"taxonomy":"product_cat","embeddable":true,"href":"https:\/\/eam-scientific.com\/de\/wp-json\/wp\/v2\/product_cat?post=19328"},{"taxonomy":"product_tag","embeddable":true,"href":"https:\/\/eam-scientific.com\/de\/wp-json\/wp\/v2\/product_tag?post=19328"}],"curies":[{"name":"wp","href":"https:\/\/api.w.org\/{rel}","templated":true}]}}