{"id":19330,"date":"2024-07-07T22:11:10","date_gmt":"2024-07-07T20:11:10","guid":{"rendered":"https:\/\/eam-scientific.com\/?post_type=product&#038;p=19330"},"modified":"2024-07-07T22:11:21","modified_gmt":"2024-07-07T20:11:21","slug":"gc-saeule-permabond-p-100-100-m-l-025-mm-id-05-%c2%b5m-df","status":"publish","type":"product","link":"https:\/\/eam-scientific.com\/de\/produkt\/gc-saeule-permabond-p-100-100-m-l-025-mm-id-05-%c2%b5m-df\/","title":{"rendered":"GC S\u00e4ule, PERMABOND P-100, 100 m L, 0,25 mm ID, 0,5 \u00b5m df"},"content":{"rendered":"<p>GC-Kapillars\u00e4ule zur Analyse petrochemischer Produkte. Extra lange S\u00e4ule mit unpolarer Dimethylpolysiloxanphase. Bietet eine hohe Aufl\u00f6sung und ausreichende Kapazit\u00e4t f\u00fcr die Analyse komplexer Kohlenwasserstoffgemische. Erf\u00fcllt USP G1|G2|G38.<\/p>\n","protected":false},"excerpt":{"rendered":"<p>GC-Kapillars\u00e4ule zur Analyse petrochemischer Produkte. Extra lange S\u00e4ule mit unpolarer Dimethylpolysiloxanphase. Bietet eine hohe Aufl\u00f6sung und ausreichende Kapazit\u00e4t f\u00fcr die Analyse komplexer Kohlenwasserstoffgemische. Erf\u00fcllt USP G1|G2|G38.<\/p>\n","protected":false},"featured_media":19361,"comment_status":"open","ping_status":"closed","template":"","meta":[],"product_cat":[25,146,147],"product_tag":[],"class_list":{"0":"post-19330","1":"product","2":"type-product","3":"status-publish","4":"has-post-thumbnail","6":"product_cat-chromatographie","7":"product_cat-gaschromatographie-gc","8":"product_cat-gc-saeulen","10":"first","11":"instock","12":"shipping-taxable","13":"product-type-simple"},"_links":{"self":[{"href":"https:\/\/eam-scientific.com\/de\/wp-json\/wp\/v2\/product\/19330","targetHints":{"allow":["GET"]}}],"collection":[{"href":"https:\/\/eam-scientific.com\/de\/wp-json\/wp\/v2\/product"}],"about":[{"href":"https:\/\/eam-scientific.com\/de\/wp-json\/wp\/v2\/types\/product"}],"replies":[{"embeddable":true,"href":"https:\/\/eam-scientific.com\/de\/wp-json\/wp\/v2\/comments?post=19330"}],"wp:featuredmedia":[{"embeddable":true,"href":"https:\/\/eam-scientific.com\/de\/wp-json\/wp\/v2\/media\/19361"}],"wp:attachment":[{"href":"https:\/\/eam-scientific.com\/de\/wp-json\/wp\/v2\/media?parent=19330"}],"wp:term":[{"taxonomy":"product_cat","embeddable":true,"href":"https:\/\/eam-scientific.com\/de\/wp-json\/wp\/v2\/product_cat?post=19330"},{"taxonomy":"product_tag","embeddable":true,"href":"https:\/\/eam-scientific.com\/de\/wp-json\/wp\/v2\/product_tag?post=19330"}],"curies":[{"name":"wp","href":"https:\/\/api.w.org\/{rel}","templated":true}]}}