{"id":19364,"date":"2024-07-07T22:11:21","date_gmt":"2024-07-07T20:11:21","guid":{"rendered":"https:\/\/eam-scientific.com\/?post_type=product&#038;p=19364"},"modified":"2024-07-07T22:11:22","modified_gmt":"2024-07-07T20:11:22","slug":"gc-saeule-permabond-se-54-hkw-25-m-l-032-mm-id-18-%c2%b5m-df","status":"publish","type":"product","link":"https:\/\/eam-scientific.com\/de\/produkt\/gc-saeule-permabond-se-54-hkw-25-m-l-032-mm-id-18-%c2%b5m-df\/","title":{"rendered":"GC S\u00e4ule, PERMABOND SE-54-HKw. 25 m L, 0,32 mm ID, 1,8 \u00b5m df"},"content":{"rendered":"<p>Kapillars\u00e4ulen f\u00fcr die Gaschromatographie (GC), speziell SE-54, unpolar &#8211; schwach polare GC-Phase, erf\u00fcllt USP G27\/G36. F\u00fcr fl\u00fcchtige halogenierte Kohlenwasserstoffe.<\/p>\n","protected":false},"excerpt":{"rendered":"<p>Kapillars\u00e4ulen f\u00fcr die Gaschromatographie (GC), speziell SE-54, unpolar &#8211; schwach polare GC-Phase, erf\u00fcllt USP G27\/G36. F\u00fcr fl\u00fcchtige halogenierte Kohlenwasserstoffe.<\/p>\n","protected":false},"featured_media":19376,"comment_status":"open","ping_status":"closed","template":"","meta":[],"product_cat":[25,146,147],"product_tag":[],"class_list":{"0":"post-19364","1":"product","2":"type-product","3":"status-publish","4":"has-post-thumbnail","6":"product_cat-chromatographie","7":"product_cat-gaschromatographie-gc","8":"product_cat-gc-saeulen","10":"first","11":"instock","12":"shipping-taxable","13":"product-type-simple"},"_links":{"self":[{"href":"https:\/\/eam-scientific.com\/de\/wp-json\/wp\/v2\/product\/19364","targetHints":{"allow":["GET"]}}],"collection":[{"href":"https:\/\/eam-scientific.com\/de\/wp-json\/wp\/v2\/product"}],"about":[{"href":"https:\/\/eam-scientific.com\/de\/wp-json\/wp\/v2\/types\/product"}],"replies":[{"embeddable":true,"href":"https:\/\/eam-scientific.com\/de\/wp-json\/wp\/v2\/comments?post=19364"}],"wp:featuredmedia":[{"embeddable":true,"href":"https:\/\/eam-scientific.com\/de\/wp-json\/wp\/v2\/media\/19376"}],"wp:attachment":[{"href":"https:\/\/eam-scientific.com\/de\/wp-json\/wp\/v2\/media?parent=19364"}],"wp:term":[{"taxonomy":"product_cat","embeddable":true,"href":"https:\/\/eam-scientific.com\/de\/wp-json\/wp\/v2\/product_cat?post=19364"},{"taxonomy":"product_tag","embeddable":true,"href":"https:\/\/eam-scientific.com\/de\/wp-json\/wp\/v2\/product_tag?post=19364"}],"curies":[{"name":"wp","href":"https:\/\/api.w.org\/{rel}","templated":true}]}}