{"id":19423,"date":"2024-07-07T22:11:34","date_gmt":"2024-07-07T20:11:34","guid":{"rendered":"https:\/\/eam-scientific.com\/?post_type=product&#038;p=19423"},"modified":"2024-07-07T22:11:45","modified_gmt":"2024-07-07T20:11:45","slug":"gc-saeule-mittelpolar-optima-35-ms-60-m-l-032-mm-id-025-%c2%b5m-df","status":"publish","type":"product","link":"https:\/\/eam-scientific.com\/de\/produkt\/gc-saeule-mittelpolar-optima-35-ms-60-m-l-032-mm-id-025-%c2%b5m-df\/","title":{"rendered":"GC S\u00e4ule, mittelpolar, OPTIMA 35 MS, 60 m L, 0,32 mm ID, 0,25 \u00b5m df"},"content":{"rendered":"<p>Hochleistungskapillars\u00e4ule f\u00fcr die Gaschromatographie (GC), Polarit\u00e4t \u00e4hnlich 35 % Diphenyl &#8211; 65 % Dimethylpolysiloxan, mittelpolare GC-Phase, erf\u00fcllt USP G42|G28|G32. Empfohlen f\u00fcr Ion-Trap-Detektoren. Optimale Referenzs\u00e4ule in Kombination mit einer 1 MS oder 5 MS. Das Polymer weist keine CN-Gruppen auf und zeigt daher ein niedrigeres Bluten als gew\u00f6hnliche mittelpoare GC-Phasen. \u00c4hnliche Phasen: DB-35 MS, HP-35, SPB-35, Rtx-35, 007-35, BPX-35, MDN-35, AT-35 MS, ZB-35, OV-11, VF-35 MS<\/p>\n","protected":false},"excerpt":{"rendered":"<p>Hochleistungskapillars\u00e4ule f\u00fcr die Gaschromatographie (GC), Polarit\u00e4t \u00e4hnlich 35 % Diphenyl &#8211; 65 % Dimethylpolysiloxan, mittelpolare GC-Phase, erf\u00fcllt USP G42|G28|G32. Empfohlen f\u00fcr Ion-Trap-Detektoren. Optimale Referenzs\u00e4ule in Kombination mit einer 1 MS oder 5 MS. Das Polymer weist keine CN-Gruppen auf und zeigt daher ein niedrigeres Bluten als gew\u00f6hnliche mittelpoare GC-Phasen. \u00c4hnliche Phasen: DB-35 MS, HP-35, SPB-35, [&hellip;]<\/p>\n","protected":false},"featured_media":19458,"comment_status":"open","ping_status":"closed","template":"","meta":[],"product_cat":[25,146,147],"product_tag":[],"class_list":{"0":"post-19423","1":"product","2":"type-product","3":"status-publish","4":"has-post-thumbnail","6":"product_cat-chromatographie","7":"product_cat-gaschromatographie-gc","8":"product_cat-gc-saeulen","10":"first","11":"instock","12":"shipping-taxable","13":"product-type-simple"},"_links":{"self":[{"href":"https:\/\/eam-scientific.com\/de\/wp-json\/wp\/v2\/product\/19423","targetHints":{"allow":["GET"]}}],"collection":[{"href":"https:\/\/eam-scientific.com\/de\/wp-json\/wp\/v2\/product"}],"about":[{"href":"https:\/\/eam-scientific.com\/de\/wp-json\/wp\/v2\/types\/product"}],"replies":[{"embeddable":true,"href":"https:\/\/eam-scientific.com\/de\/wp-json\/wp\/v2\/comments?post=19423"}],"wp:featuredmedia":[{"embeddable":true,"href":"https:\/\/eam-scientific.com\/de\/wp-json\/wp\/v2\/media\/19458"}],"wp:attachment":[{"href":"https:\/\/eam-scientific.com\/de\/wp-json\/wp\/v2\/media?parent=19423"}],"wp:term":[{"taxonomy":"product_cat","embeddable":true,"href":"https:\/\/eam-scientific.com\/de\/wp-json\/wp\/v2\/product_cat?post=19423"},{"taxonomy":"product_tag","embeddable":true,"href":"https:\/\/eam-scientific.com\/de\/wp-json\/wp\/v2\/product_tag?post=19423"}],"curies":[{"name":"wp","href":"https:\/\/api.w.org\/{rel}","templated":true}]}}