{"id":19508,"date":"2024-07-07T22:11:57","date_gmt":"2024-07-07T20:11:57","guid":{"rendered":"https:\/\/eam-scientific.com\/?post_type=product&#038;p=19508"},"modified":"2024-07-07T22:12:02","modified_gmt":"2024-07-07T20:12:02","slug":"gc-saeule-gering-mittelpolar-optima-1701-15-m-l-053-mm-id-2-%c2%b5m-df","status":"publish","type":"product","link":"https:\/\/eam-scientific.com\/de\/produkt\/gc-saeule-gering-mittelpolar-optima-1701-15-m-l-053-mm-id-2-%c2%b5m-df\/","title":{"rendered":"GC S\u00e4ule, gering\u2013mittelpolar, OPTIMA 1701, 15 m L, 0,53 mm ID, 2 \u00b5m df"},"content":{"rendered":"<p>Hochleistungskapillars\u00e4ulen f\u00fcr die Gaschromatographie (GC), 14 % Cyanopropylphenyl &#8211; 86 % Dimethylpolysiloxan, mittelpolare GC-Phase, erf\u00fcllt USP G46. Besondere Selektivit\u00e4t durch hohen Cyanopropylgehalt. Referenzs\u00e4ule zur Strukturidentifikation, z.B. in Kombination mit anderen S\u00e4ulen. \u00c4hnliche Phasen: OV-1701, DB-1701, CP-Sil 19 CB, HP-1701, Rtx-1701, SPB-1701, 007-1701, BP10, ZB-1701<\/p>\n","protected":false},"excerpt":{"rendered":"<p>Hochleistungskapillars\u00e4ulen f\u00fcr die Gaschromatographie (GC), 14 % Cyanopropylphenyl &#8211; 86 % Dimethylpolysiloxan, mittelpolare GC-Phase, erf\u00fcllt USP G46. Besondere Selektivit\u00e4t durch hohen Cyanopropylgehalt. Referenzs\u00e4ule zur Strukturidentifikation, z.B. in Kombination mit anderen S\u00e4ulen. \u00c4hnliche Phasen: OV-1701, DB-1701, CP-Sil 19 CB, HP-1701, Rtx-1701, SPB-1701, 007-1701, BP10, ZB-1701<\/p>\n","protected":false},"featured_media":19525,"comment_status":"open","ping_status":"closed","template":"","meta":[],"product_cat":[25,146,147],"product_tag":[],"class_list":{"0":"post-19508","1":"product","2":"type-product","3":"status-publish","4":"has-post-thumbnail","6":"product_cat-chromatographie","7":"product_cat-gaschromatographie-gc","8":"product_cat-gc-saeulen","10":"first","11":"instock","12":"shipping-taxable","13":"product-type-simple"},"_links":{"self":[{"href":"https:\/\/eam-scientific.com\/de\/wp-json\/wp\/v2\/product\/19508","targetHints":{"allow":["GET"]}}],"collection":[{"href":"https:\/\/eam-scientific.com\/de\/wp-json\/wp\/v2\/product"}],"about":[{"href":"https:\/\/eam-scientific.com\/de\/wp-json\/wp\/v2\/types\/product"}],"replies":[{"embeddable":true,"href":"https:\/\/eam-scientific.com\/de\/wp-json\/wp\/v2\/comments?post=19508"}],"wp:featuredmedia":[{"embeddable":true,"href":"https:\/\/eam-scientific.com\/de\/wp-json\/wp\/v2\/media\/19525"}],"wp:attachment":[{"href":"https:\/\/eam-scientific.com\/de\/wp-json\/wp\/v2\/media?parent=19508"}],"wp:term":[{"taxonomy":"product_cat","embeddable":true,"href":"https:\/\/eam-scientific.com\/de\/wp-json\/wp\/v2\/product_cat?post=19508"},{"taxonomy":"product_tag","embeddable":true,"href":"https:\/\/eam-scientific.com\/de\/wp-json\/wp\/v2\/product_tag?post=19508"}],"curies":[{"name":"wp","href":"https:\/\/api.w.org\/{rel}","templated":true}]}}