{"id":19542,"date":"2024-07-07T22:12:06","date_gmt":"2024-07-07T20:12:06","guid":{"rendered":"https:\/\/eam-scientific.com\/?post_type=product&#038;p=19542"},"modified":"2024-07-07T22:12:09","modified_gmt":"2024-07-07T20:12:09","slug":"gc-saeule-gering-mittelpolar-optima-1301-25-m-l-053-mm-id-1-%c2%b5m-df","status":"publish","type":"product","link":"https:\/\/eam-scientific.com\/de\/produkt\/gc-saeule-gering-mittelpolar-optima-1301-25-m-l-053-mm-id-1-%c2%b5m-df\/","title":{"rendered":"GC S\u00e4ule, gering\u2013mittelpolar, OPTIMA 1301, 25 m L, 0,53 mm ID, 1 \u00b5m df"},"content":{"rendered":"<p>Hochleistungskapillars\u00e4ulen f\u00fcr die Gaschromatographie (GC), 6 % Cyanopropylphenyl &#8211; 94 % Dimethylpolysiloxan, mittelpolare GC-Phase f\u00fcr die Umweltanalyse, erf\u00fcllt USP G43. \u00c4hnliche Phasen:HP-1301, DB-1301, SPB-1301, Rtx-1301, CP-1301, CP-1301, 007-1301<\/p>\n","protected":false},"excerpt":{"rendered":"<p>Hochleistungskapillars\u00e4ulen f\u00fcr die Gaschromatographie (GC), 6 % Cyanopropylphenyl &#8211; 94 % Dimethylpolysiloxan, mittelpolare GC-Phase f\u00fcr die Umweltanalyse, erf\u00fcllt USP G43. \u00c4hnliche Phasen:HP-1301, DB-1301, SPB-1301, Rtx-1301, CP-1301, CP-1301, 007-1301<\/p>\n","protected":false},"featured_media":19557,"comment_status":"open","ping_status":"closed","template":"","meta":[],"product_cat":[25,146,147],"product_tag":[],"class_list":{"0":"post-19542","1":"product","2":"type-product","3":"status-publish","4":"has-post-thumbnail","6":"product_cat-chromatographie","7":"product_cat-gaschromatographie-gc","8":"product_cat-gc-saeulen","10":"first","11":"instock","12":"shipping-taxable","13":"product-type-simple"},"_links":{"self":[{"href":"https:\/\/eam-scientific.com\/de\/wp-json\/wp\/v2\/product\/19542","targetHints":{"allow":["GET"]}}],"collection":[{"href":"https:\/\/eam-scientific.com\/de\/wp-json\/wp\/v2\/product"}],"about":[{"href":"https:\/\/eam-scientific.com\/de\/wp-json\/wp\/v2\/types\/product"}],"replies":[{"embeddable":true,"href":"https:\/\/eam-scientific.com\/de\/wp-json\/wp\/v2\/comments?post=19542"}],"wp:featuredmedia":[{"embeddable":true,"href":"https:\/\/eam-scientific.com\/de\/wp-json\/wp\/v2\/media\/19557"}],"wp:attachment":[{"href":"https:\/\/eam-scientific.com\/de\/wp-json\/wp\/v2\/media?parent=19542"}],"wp:term":[{"taxonomy":"product_cat","embeddable":true,"href":"https:\/\/eam-scientific.com\/de\/wp-json\/wp\/v2\/product_cat?post=19542"},{"taxonomy":"product_tag","embeddable":true,"href":"https:\/\/eam-scientific.com\/de\/wp-json\/wp\/v2\/product_tag?post=19542"}],"curies":[{"name":"wp","href":"https:\/\/api.w.org\/{rel}","templated":true}]}}