{"id":19584,"date":"2024-07-07T22:12:17","date_gmt":"2024-07-07T20:12:17","guid":{"rendered":"https:\/\/eam-scientific.com\/?post_type=product&#038;p=19584"},"modified":"2024-07-07T22:12:18","modified_gmt":"2024-07-07T20:12:18","slug":"gc-saeule-mittelpolar-polar-optima-225-15-m-l-025-mm-id-025-%c2%b5m-df","status":"publish","type":"product","link":"https:\/\/eam-scientific.com\/de\/produkt\/gc-saeule-mittelpolar-polar-optima-225-15-m-l-025-mm-id-025-%c2%b5m-df\/","title":{"rendered":"GC S\u00e4ule, mittelpolar\u2013polar, OPTIMA 225, 15 m L, 0,25 mm ID, 0,25 \u00b5m df"},"content":{"rendered":"<p>Hochleistungskapillars\u00e4ulen f\u00fcr die Gaschromatographie (GC), 25 % Phenyl &#8211; 25 % Cyanopropyl &#8211; 50 % Methylpolysiloxan, mittelpolare &#8211; polare GC-Phase, erf\u00fcllt USP G19|G7. Empfohlen f\u00fcr die Fetts\u00e4ureanalyse. \u00c4hnliche Phasen: DB-225, HP-225, OV-225, Rtx-225, CP-Sil 43, 007-225, BP225, BP225.<\/p>\n","protected":false},"excerpt":{"rendered":"<p>Hochleistungskapillars\u00e4ulen f\u00fcr die Gaschromatographie (GC), 25 % Phenyl &#8211; 25 % Cyanopropyl &#8211; 50 % Methylpolysiloxan, mittelpolare &#8211; polare GC-Phase, erf\u00fcllt USP G19|G7. Empfohlen f\u00fcr die Fetts\u00e4ureanalyse. \u00c4hnliche Phasen: DB-225, HP-225, OV-225, Rtx-225, CP-Sil 43, 007-225, BP225, BP225.<\/p>\n","protected":false},"featured_media":19597,"comment_status":"open","ping_status":"closed","template":"","meta":[],"product_cat":[25,146,147],"product_tag":[],"class_list":{"0":"post-19584","1":"product","2":"type-product","3":"status-publish","4":"has-post-thumbnail","6":"product_cat-chromatographie","7":"product_cat-gaschromatographie-gc","8":"product_cat-gc-saeulen","10":"first","11":"instock","12":"shipping-taxable","13":"product-type-simple"},"_links":{"self":[{"href":"https:\/\/eam-scientific.com\/de\/wp-json\/wp\/v2\/product\/19584","targetHints":{"allow":["GET"]}}],"collection":[{"href":"https:\/\/eam-scientific.com\/de\/wp-json\/wp\/v2\/product"}],"about":[{"href":"https:\/\/eam-scientific.com\/de\/wp-json\/wp\/v2\/types\/product"}],"replies":[{"embeddable":true,"href":"https:\/\/eam-scientific.com\/de\/wp-json\/wp\/v2\/comments?post=19584"}],"wp:featuredmedia":[{"embeddable":true,"href":"https:\/\/eam-scientific.com\/de\/wp-json\/wp\/v2\/media\/19597"}],"wp:attachment":[{"href":"https:\/\/eam-scientific.com\/de\/wp-json\/wp\/v2\/media?parent=19584"}],"wp:term":[{"taxonomy":"product_cat","embeddable":true,"href":"https:\/\/eam-scientific.com\/de\/wp-json\/wp\/v2\/product_cat?post=19584"},{"taxonomy":"product_tag","embeddable":true,"href":"https:\/\/eam-scientific.com\/de\/wp-json\/wp\/v2\/product_tag?post=19584"}],"curies":[{"name":"wp","href":"https:\/\/api.w.org\/{rel}","templated":true}]}}