{"id":19587,"date":"2024-07-07T22:12:17","date_gmt":"2024-07-07T20:12:17","guid":{"rendered":"https:\/\/eam-scientific.com\/?post_type=product&#038;p=19587"},"modified":"2024-07-07T22:12:21","modified_gmt":"2024-07-07T20:12:21","slug":"gc-saeule-mittelpolar-polar-optima-240-30-m-l-025-mm-id-05-%c2%b5m-df","status":"publish","type":"product","link":"https:\/\/eam-scientific.com\/de\/produkt\/gc-saeule-mittelpolar-polar-optima-240-30-m-l-025-mm-id-05-%c2%b5m-df\/","title":{"rendered":"GC S\u00e4ule, mittelpolar\u2013polar, OPTIMA 240, 30 m L, 0,25 mm ID, 0,5 \u00b5m df"},"content":{"rendered":"<p>Hochleistungskapillars\u00e4ule f\u00fcr die Gaschromatographie (GC), 33 % Cyanopropylmethyl &#8211; 67 % Dimethylpolysiloxan, mittelpolare &#8211; polare GC-Phase. Keine \u00e4hnlichen Phasen. H\u00e4ufig verwendet f\u00fcr FAMEs (Fetts\u00e4uremethylester) und die Analyse von Dioxinen.<\/p>\n","protected":false},"excerpt":{"rendered":"<p>Hochleistungskapillars\u00e4ule f\u00fcr die Gaschromatographie (GC), 33 % Cyanopropylmethyl &#8211; 67 % Dimethylpolysiloxan, mittelpolare &#8211; polare GC-Phase. Keine \u00e4hnlichen Phasen. H\u00e4ufig verwendet f\u00fcr FAMEs (Fetts\u00e4uremethylester) und die Analyse von Dioxinen.<\/p>\n","protected":false},"featured_media":19606,"comment_status":"open","ping_status":"closed","template":"","meta":[],"product_cat":[25,146,147],"product_tag":[],"class_list":{"0":"post-19587","1":"product","2":"type-product","3":"status-publish","4":"has-post-thumbnail","6":"product_cat-chromatographie","7":"product_cat-gaschromatographie-gc","8":"product_cat-gc-saeulen","10":"first","11":"instock","12":"shipping-taxable","13":"product-type-simple"},"_links":{"self":[{"href":"https:\/\/eam-scientific.com\/de\/wp-json\/wp\/v2\/product\/19587","targetHints":{"allow":["GET"]}}],"collection":[{"href":"https:\/\/eam-scientific.com\/de\/wp-json\/wp\/v2\/product"}],"about":[{"href":"https:\/\/eam-scientific.com\/de\/wp-json\/wp\/v2\/types\/product"}],"replies":[{"embeddable":true,"href":"https:\/\/eam-scientific.com\/de\/wp-json\/wp\/v2\/comments?post=19587"}],"wp:featuredmedia":[{"embeddable":true,"href":"https:\/\/eam-scientific.com\/de\/wp-json\/wp\/v2\/media\/19606"}],"wp:attachment":[{"href":"https:\/\/eam-scientific.com\/de\/wp-json\/wp\/v2\/media?parent=19587"}],"wp:term":[{"taxonomy":"product_cat","embeddable":true,"href":"https:\/\/eam-scientific.com\/de\/wp-json\/wp\/v2\/product_cat?post=19587"},{"taxonomy":"product_tag","embeddable":true,"href":"https:\/\/eam-scientific.com\/de\/wp-json\/wp\/v2\/product_tag?post=19587"}],"curies":[{"name":"wp","href":"https:\/\/api.w.org\/{rel}","templated":true}]}}