{"id":19594,"date":"2024-07-07T22:12:17","date_gmt":"2024-07-07T20:12:17","guid":{"rendered":"https:\/\/eam-scientific.com\/?post_type=product&#038;p=19594"},"modified":"2024-07-07T22:12:27","modified_gmt":"2024-07-07T20:12:27","slug":"gc-saeule-polar-optima-wax-25-m-l-053-mm-id-1-%c2%b5m-df","status":"publish","type":"product","link":"https:\/\/eam-scientific.com\/de\/produkt\/gc-saeule-polar-optima-wax-25-m-l-053-mm-id-1-%c2%b5m-df\/","title":{"rendered":"GC S\u00e4ule, polar, OPTIMA WAX, 25 m L, 0,53 mm ID, 1 \u00b5m df"},"content":{"rendered":"<p>Hochleistungskapillars\u00e4ulen f\u00fcr die Gaschromatographie (GC), Polyethylenglykol 20000 Dalton, polare GC-Phase f\u00fcr die L\u00f6semittelanalyse und Alkohole, erf\u00fcllt USP G16. Empfohlen f\u00fcr die L\u00f6semittelanalyse und Alkohole, geeignet f\u00fcr w\u00e4ssrige L\u00f6sungen. \u00c4hnliche Phasen: DB-WAX, Supelcowax, HP-WAX, HP-INNOWAX, Rtx-WAX, CP-WAX 52 CB, Stabilwax, 007-CW, BP20, AT-WAX, ZB-WAX<\/p>\n","protected":false},"excerpt":{"rendered":"<p>Hochleistungskapillars\u00e4ulen f\u00fcr die Gaschromatographie (GC), Polyethylenglykol 20000 Dalton, polare GC-Phase f\u00fcr die L\u00f6semittelanalyse und Alkohole, erf\u00fcllt USP G16. Empfohlen f\u00fcr die L\u00f6semittelanalyse und Alkohole, geeignet f\u00fcr w\u00e4ssrige L\u00f6sungen. \u00c4hnliche Phasen: DB-WAX, Supelcowax, HP-WAX, HP-INNOWAX, Rtx-WAX, CP-WAX 52 CB, Stabilwax, 007-CW, BP20, AT-WAX, ZB-WAX<\/p>\n","protected":false},"featured_media":19627,"comment_status":"open","ping_status":"closed","template":"","meta":[],"product_cat":[25,146,147],"product_tag":[],"class_list":{"0":"post-19594","1":"product","2":"type-product","3":"status-publish","4":"has-post-thumbnail","6":"product_cat-chromatographie","7":"product_cat-gaschromatographie-gc","8":"product_cat-gc-saeulen","10":"first","11":"instock","12":"shipping-taxable","13":"product-type-simple"},"_links":{"self":[{"href":"https:\/\/eam-scientific.com\/de\/wp-json\/wp\/v2\/product\/19594","targetHints":{"allow":["GET"]}}],"collection":[{"href":"https:\/\/eam-scientific.com\/de\/wp-json\/wp\/v2\/product"}],"about":[{"href":"https:\/\/eam-scientific.com\/de\/wp-json\/wp\/v2\/types\/product"}],"replies":[{"embeddable":true,"href":"https:\/\/eam-scientific.com\/de\/wp-json\/wp\/v2\/comments?post=19594"}],"wp:featuredmedia":[{"embeddable":true,"href":"https:\/\/eam-scientific.com\/de\/wp-json\/wp\/v2\/media\/19627"}],"wp:attachment":[{"href":"https:\/\/eam-scientific.com\/de\/wp-json\/wp\/v2\/media?parent=19594"}],"wp:term":[{"taxonomy":"product_cat","embeddable":true,"href":"https:\/\/eam-scientific.com\/de\/wp-json\/wp\/v2\/product_cat?post=19594"},{"taxonomy":"product_tag","embeddable":true,"href":"https:\/\/eam-scientific.com\/de\/wp-json\/wp\/v2\/product_tag?post=19594"}],"curies":[{"name":"wp","href":"https:\/\/api.w.org\/{rel}","templated":true}]}}