{"id":19642,"date":"2024-07-07T22:12:30","date_gmt":"2024-07-07T20:12:30","guid":{"rendered":"https:\/\/eam-scientific.com\/?post_type=product&#038;p=19642"},"modified":"2024-07-07T22:12:36","modified_gmt":"2024-07-07T20:12:36","slug":"gc-saeule-un-gering-polar-optima-5-amine-30-m-l-032-mm-id-15-%c2%b5m-df","status":"publish","type":"product","link":"https:\/\/eam-scientific.com\/de\/produkt\/gc-saeule-un-gering-polar-optima-5-amine-30-m-l-032-mm-id-15-%c2%b5m-df\/","title":{"rendered":"GC S\u00e4ule, un-\/\u2013gering polar, OPTIMA 5 Amine, 30 m L, 0,32 mm ID, 1,5 \u00b5m df"},"content":{"rendered":"<p>Hochleistungskapillars\u00e4ulen f\u00fcr die Gaschromatographie (GC). Speziell desaktivierte GC-Phase (entspricht USP G27|G36) f\u00fcr die Analyse von polyfunktionellen Aminen wie Ethanolaminen, aminofunktionalisierten Diolen und \u00e4hnlichen Verbindungen, die wichtige Ausgangsstoffe in der industriellen Chemie sind und ein starkes Tailing auf standardm\u00e4\u00dfig desaktivierten S\u00e4ulen aufweisen. Verbesserte Linearit\u00e4t f\u00fcr die Analyse von aktiven Komponenten auf Spurenniveau &#8211; keine Aminabsorptionen auch f\u00fcr aliphatische und aromatische Amine bei Konzentrationen von 100 pg\/Peak. Getestet mit der Amin Testmischung (REF 722317), die unter anderem auch Diethanolamin und Propanolpyridin enth\u00e4lt (diese Testmischung ist separat erh\u00e4ltlich). \u00c4hnliche Phasen:Rtx-5 Amin, PTA-5, CP-Sil 8 CB f\u00fcr Amine.<\/p>\n","protected":false},"excerpt":{"rendered":"<p>Hochleistungskapillars\u00e4ulen f\u00fcr die Gaschromatographie (GC). Speziell desaktivierte GC-Phase (entspricht USP G27|G36) f\u00fcr die Analyse von polyfunktionellen Aminen wie Ethanolaminen, aminofunktionalisierten Diolen und \u00e4hnlichen Verbindungen, die wichtige Ausgangsstoffe in der industriellen Chemie sind und ein starkes Tailing auf standardm\u00e4\u00dfig desaktivierten S\u00e4ulen aufweisen. Verbesserte Linearit\u00e4t f\u00fcr die Analyse von aktiven Komponenten auf Spurenniveau &#8211; keine Aminabsorptionen auch [&hellip;]<\/p>\n","protected":false},"featured_media":19673,"comment_status":"open","ping_status":"closed","template":"","meta":[],"product_cat":[25,146,147],"product_tag":[],"class_list":{"0":"post-19642","1":"product","2":"type-product","3":"status-publish","4":"has-post-thumbnail","6":"product_cat-chromatographie","7":"product_cat-gaschromatographie-gc","8":"product_cat-gc-saeulen","10":"first","11":"instock","12":"shipping-taxable","13":"product-type-simple"},"_links":{"self":[{"href":"https:\/\/eam-scientific.com\/de\/wp-json\/wp\/v2\/product\/19642","targetHints":{"allow":["GET"]}}],"collection":[{"href":"https:\/\/eam-scientific.com\/de\/wp-json\/wp\/v2\/product"}],"about":[{"href":"https:\/\/eam-scientific.com\/de\/wp-json\/wp\/v2\/types\/product"}],"replies":[{"embeddable":true,"href":"https:\/\/eam-scientific.com\/de\/wp-json\/wp\/v2\/comments?post=19642"}],"wp:featuredmedia":[{"embeddable":true,"href":"https:\/\/eam-scientific.com\/de\/wp-json\/wp\/v2\/media\/19673"}],"wp:attachment":[{"href":"https:\/\/eam-scientific.com\/de\/wp-json\/wp\/v2\/media?parent=19642"}],"wp:term":[{"taxonomy":"product_cat","embeddable":true,"href":"https:\/\/eam-scientific.com\/de\/wp-json\/wp\/v2\/product_cat?post=19642"},{"taxonomy":"product_tag","embeddable":true,"href":"https:\/\/eam-scientific.com\/de\/wp-json\/wp\/v2\/product_tag?post=19642"}],"curies":[{"name":"wp","href":"https:\/\/api.w.org\/{rel}","templated":true}]}}