{"id":19645,"date":"2024-07-07T22:12:30","date_gmt":"2024-07-07T20:12:30","guid":{"rendered":"https:\/\/eam-scientific.com\/?post_type=product&#038;p=19645"},"modified":"2024-07-07T22:12:39","modified_gmt":"2024-07-07T20:12:39","slug":"gc-saeule-un-gering-polar-optima-5-ht-30-m-l-032-mm-id-01-%c2%b5m-df","status":"publish","type":"product","link":"https:\/\/eam-scientific.com\/de\/produkt\/gc-saeule-un-gering-polar-optima-5-ht-30-m-l-032-mm-id-01-%c2%b5m-df\/","title":{"rendered":"GC S\u00e4ule, un-\/\u2013gering polar, OPTIMA 5 HT, 30 m L, 0,32 mm ID, 0,1 \u00b5m df"},"content":{"rendered":"<p>Hochleistungskapillar-GC-S\u00e4ulen f\u00fcr Hochtemperatur-Gaschromatographie (GC)-Anwendungen, erf\u00fcllt USP G27|G36. Chemisch gebundene, quervernetzte Silarylenphase, Polarit\u00e4tsindex nach 5 % Phenyl &#8211; 95 % Methylpolysiloxan. Ideal f\u00fcr MS-Detektoren. Kann mit L\u00f6semitteln gesp\u00fclt werden. \u00c4hnliche Phasen: DB-5HT, VF-5HT, HT-5, XTI-5HT, ZB-5HT, ZB-5HT<\/p>\n","protected":false},"excerpt":{"rendered":"<p>Hochleistungskapillar-GC-S\u00e4ulen f\u00fcr Hochtemperatur-Gaschromatographie (GC)-Anwendungen, erf\u00fcllt USP G27|G36. Chemisch gebundene, quervernetzte Silarylenphase, Polarit\u00e4tsindex nach 5 % Phenyl &#8211; 95 % Methylpolysiloxan. Ideal f\u00fcr MS-Detektoren. Kann mit L\u00f6semitteln gesp\u00fclt werden. \u00c4hnliche Phasen: DB-5HT, VF-5HT, HT-5, XTI-5HT, ZB-5HT, ZB-5HT<\/p>\n","protected":false},"featured_media":19682,"comment_status":"open","ping_status":"closed","template":"","meta":[],"product_cat":[25,146,147],"product_tag":[],"class_list":{"0":"post-19645","1":"product","2":"type-product","3":"status-publish","4":"has-post-thumbnail","6":"product_cat-chromatographie","7":"product_cat-gaschromatographie-gc","8":"product_cat-gc-saeulen","10":"first","11":"instock","12":"shipping-taxable","13":"product-type-simple"},"_links":{"self":[{"href":"https:\/\/eam-scientific.com\/de\/wp-json\/wp\/v2\/product\/19645","targetHints":{"allow":["GET"]}}],"collection":[{"href":"https:\/\/eam-scientific.com\/de\/wp-json\/wp\/v2\/product"}],"about":[{"href":"https:\/\/eam-scientific.com\/de\/wp-json\/wp\/v2\/types\/product"}],"replies":[{"embeddable":true,"href":"https:\/\/eam-scientific.com\/de\/wp-json\/wp\/v2\/comments?post=19645"}],"wp:featuredmedia":[{"embeddable":true,"href":"https:\/\/eam-scientific.com\/de\/wp-json\/wp\/v2\/media\/19682"}],"wp:attachment":[{"href":"https:\/\/eam-scientific.com\/de\/wp-json\/wp\/v2\/media?parent=19645"}],"wp:term":[{"taxonomy":"product_cat","embeddable":true,"href":"https:\/\/eam-scientific.com\/de\/wp-json\/wp\/v2\/product_cat?post=19645"},{"taxonomy":"product_tag","embeddable":true,"href":"https:\/\/eam-scientific.com\/de\/wp-json\/wp\/v2\/product_tag?post=19645"}],"curies":[{"name":"wp","href":"https:\/\/api.w.org\/{rel}","templated":true}]}}