{"id":19648,"date":"2024-07-07T22:12:30","date_gmt":"2024-07-07T20:12:30","guid":{"rendered":"https:\/\/eam-scientific.com\/?post_type=product&#038;p=19648"},"modified":"2024-07-07T22:12:42","modified_gmt":"2024-07-07T20:12:42","slug":"gc-saeule-mittelpolar-optima-17-ms-30-m-l-025-mm-id-025-%c2%b5m-df","status":"publish","type":"product","link":"https:\/\/eam-scientific.com\/de\/produkt\/gc-saeule-mittelpolar-optima-17-ms-30-m-l-025-mm-id-025-%c2%b5m-df\/","title":{"rendered":"GC S\u00e4ule, mittelpolar, OPTIMA 17 MS, 30 m L, 0,25 mm ID, 0,25 \u00b5m df"},"content":{"rendered":"<p>Hochleistungs-GC-Kapillars\u00e4ule, Silarylenphase, sehr niedriges Bluten, Polarit\u00e4t \u00e4hnlich 50 % Diphenyl &#8211; 50 % Dimethylpolysiloxan, mittelpolare GC-Phase, erf\u00fcllt USP G3. Ideal f\u00fcr Ion-Trap-Detektoren, optimale Referenzs\u00e4ule in Kombination mit 1 MS oder 5 MS, keine CN-Gruppen im Polymer. \u00c4hnliche Phasen:OV-17, AT-50, BPX-50, DB-17, DB-17ms, HP-50+, HP-17, SPB-50, SPB-17, SP-2250, Rtx-50, CP-Sil 24 CB, 007-17, VF-17ms, ZB-50<\/p>\n","protected":false},"excerpt":{"rendered":"<p>Hochleistungs-GC-Kapillars\u00e4ule, Silarylenphase, sehr niedriges Bluten, Polarit\u00e4t \u00e4hnlich 50 % Diphenyl &#8211; 50 % Dimethylpolysiloxan, mittelpolare GC-Phase, erf\u00fcllt USP G3. Ideal f\u00fcr Ion-Trap-Detektoren, optimale Referenzs\u00e4ule in Kombination mit 1 MS oder 5 MS, keine CN-Gruppen im Polymer. \u00c4hnliche Phasen:OV-17, AT-50, BPX-50, DB-17, DB-17ms, HP-50+, HP-17, SPB-50, SPB-17, SP-2250, Rtx-50, CP-Sil 24 CB, 007-17, VF-17ms, ZB-50<\/p>\n","protected":false},"featured_media":19691,"comment_status":"open","ping_status":"closed","template":"","meta":[],"product_cat":[25,146,147],"product_tag":[],"class_list":{"0":"post-19648","1":"product","2":"type-product","3":"status-publish","4":"has-post-thumbnail","6":"product_cat-chromatographie","7":"product_cat-gaschromatographie-gc","8":"product_cat-gc-saeulen","10":"first","11":"instock","12":"shipping-taxable","13":"product-type-simple"},"_links":{"self":[{"href":"https:\/\/eam-scientific.com\/de\/wp-json\/wp\/v2\/product\/19648","targetHints":{"allow":["GET"]}}],"collection":[{"href":"https:\/\/eam-scientific.com\/de\/wp-json\/wp\/v2\/product"}],"about":[{"href":"https:\/\/eam-scientific.com\/de\/wp-json\/wp\/v2\/types\/product"}],"replies":[{"embeddable":true,"href":"https:\/\/eam-scientific.com\/de\/wp-json\/wp\/v2\/comments?post=19648"}],"wp:featuredmedia":[{"embeddable":true,"href":"https:\/\/eam-scientific.com\/de\/wp-json\/wp\/v2\/media\/19691"}],"wp:attachment":[{"href":"https:\/\/eam-scientific.com\/de\/wp-json\/wp\/v2\/media?parent=19648"}],"wp:term":[{"taxonomy":"product_cat","embeddable":true,"href":"https:\/\/eam-scientific.com\/de\/wp-json\/wp\/v2\/product_cat?post=19648"},{"taxonomy":"product_tag","embeddable":true,"href":"https:\/\/eam-scientific.com\/de\/wp-json\/wp\/v2\/product_tag?post=19648"}],"curies":[{"name":"wp","href":"https:\/\/api.w.org\/{rel}","templated":true}]}}