{"id":19651,"date":"2024-07-07T22:12:30","date_gmt":"2024-07-07T20:12:30","guid":{"rendered":"https:\/\/eam-scientific.com\/?post_type=product&#038;p=19651"},"modified":"2024-07-07T22:12:44","modified_gmt":"2024-07-07T20:12:44","slug":"gc-saeule-polar-optima-ffapplus-30-m-l-032-mm-id-025-%c2%b5m-df","status":"publish","type":"product","link":"https:\/\/eam-scientific.com\/de\/produkt\/gc-saeule-polar-optima-ffapplus-30-m-l-032-mm-id-025-%c2%b5m-df\/","title":{"rendered":"GC S\u00e4ule, polar, OPTIMA FFAPplus, 30 m L, 0,32 mm ID, 0,25 \u00b5m df"},"content":{"rendered":"<p>Hochleistungskapillars\u00e4ulen f\u00fcr die Gaschromatographie (GC), Polyethylenglykol-2-nitroterephthalat, polare GC-Phase (FFAP = Free Fatty Acid Phase) f\u00fcr Fetts\u00e4uremethylester (FAMEs) und freie Fetts\u00e4uren \/ freie Carbons\u00e4uren, erf\u00fcllt USP G35|G25. \u00c4hnliche Phasen: DB-FFAP, HP-FFAP, CP-WAX 58 (FFAP) CB, 007-FFAP, CP-FFAP CB, Nukol<\/p>\n","protected":false},"excerpt":{"rendered":"<p>Hochleistungskapillars\u00e4ulen f\u00fcr die Gaschromatographie (GC), Polyethylenglykol-2-nitroterephthalat, polare GC-Phase (FFAP = Free Fatty Acid Phase) f\u00fcr Fetts\u00e4uremethylester (FAMEs) und freie Fetts\u00e4uren \/ freie Carbons\u00e4uren, erf\u00fcllt USP G35|G25. \u00c4hnliche Phasen: DB-FFAP, HP-FFAP, CP-WAX 58 (FFAP) CB, 007-FFAP, CP-FFAP CB, Nukol<\/p>\n","protected":false},"featured_media":19700,"comment_status":"open","ping_status":"closed","template":"","meta":[],"product_cat":[25,146,147],"product_tag":[],"class_list":{"0":"post-19651","1":"product","2":"type-product","3":"status-publish","4":"has-post-thumbnail","6":"product_cat-chromatographie","7":"product_cat-gaschromatographie-gc","8":"product_cat-gc-saeulen","10":"first","11":"instock","12":"shipping-taxable","13":"product-type-simple"},"_links":{"self":[{"href":"https:\/\/eam-scientific.com\/de\/wp-json\/wp\/v2\/product\/19651","targetHints":{"allow":["GET"]}}],"collection":[{"href":"https:\/\/eam-scientific.com\/de\/wp-json\/wp\/v2\/product"}],"about":[{"href":"https:\/\/eam-scientific.com\/de\/wp-json\/wp\/v2\/types\/product"}],"replies":[{"embeddable":true,"href":"https:\/\/eam-scientific.com\/de\/wp-json\/wp\/v2\/comments?post=19651"}],"wp:featuredmedia":[{"embeddable":true,"href":"https:\/\/eam-scientific.com\/de\/wp-json\/wp\/v2\/media\/19700"}],"wp:attachment":[{"href":"https:\/\/eam-scientific.com\/de\/wp-json\/wp\/v2\/media?parent=19651"}],"wp:term":[{"taxonomy":"product_cat","embeddable":true,"href":"https:\/\/eam-scientific.com\/de\/wp-json\/wp\/v2\/product_cat?post=19651"},{"taxonomy":"product_tag","embeddable":true,"href":"https:\/\/eam-scientific.com\/de\/wp-json\/wp\/v2\/product_tag?post=19651"}],"curies":[{"name":"wp","href":"https:\/\/api.w.org\/{rel}","templated":true}]}}