{"id":19713,"date":"2024-07-07T22:12:48","date_gmt":"2024-07-07T20:12:48","guid":{"rendered":"https:\/\/eam-scientific.com\/?post_type=product&#038;p=19713"},"modified":"2024-07-07T22:12:50","modified_gmt":"2024-07-07T20:12:50","slug":"gc-saeule-mittelpolar-optima-1701-ms-30-m-l-032-mm-id-05-%c2%b5m-df","status":"publish","type":"product","link":"https:\/\/eam-scientific.com\/de\/produkt\/gc-saeule-mittelpolar-optima-1701-ms-30-m-l-032-mm-id-05-%c2%b5m-df\/","title":{"rendered":"GC S\u00e4ule, mittelpolar, OPTIMA 1701 MS, 30 m L, 0,32 mm ID, 0,5 \u00b5m df"},"content":{"rendered":"<p>Hochleistungskapillars\u00e4ulen f\u00fcr die Gaschromatographie (GC), Silarylenphase mit sehr niedrigem Bluten, Polarit\u00e4t \u00e4hnlich 14 % Cyanopropylphenyl &#8211; 86 % Dimethylpolysiloxan, mittelpolare GC-Phase, erf\u00fcllt USP G46. 100 % Ion Trap und Quadrupol MS-Kompatibilit\u00e4t. Referenzs\u00e4ule zur Strukturidentifikation, z.B. in Kombination mit OPTIMA 5 MS. \u00c4hnliche Phasen: VF-1701ms, TG-1701MS, OV-1701, DB-1701, HP-1701, Rtx-1701, SPB-1701, CP-Sil 19 CB, 007-1701, BP10, ZB-1701<\/p>\n","protected":false},"excerpt":{"rendered":"<p>Hochleistungskapillars\u00e4ulen f\u00fcr die Gaschromatographie (GC), Silarylenphase mit sehr niedrigem Bluten, Polarit\u00e4t \u00e4hnlich 14 % Cyanopropylphenyl &#8211; 86 % Dimethylpolysiloxan, mittelpolare GC-Phase, erf\u00fcllt USP G46. 100 % Ion Trap und Quadrupol MS-Kompatibilit\u00e4t. Referenzs\u00e4ule zur Strukturidentifikation, z.B. in Kombination mit OPTIMA 5 MS. \u00c4hnliche Phasen: VF-1701ms, TG-1701MS, OV-1701, DB-1701, HP-1701, Rtx-1701, SPB-1701, CP-Sil 19 CB, 007-1701, BP10, [&hellip;]<\/p>\n","protected":false},"featured_media":19732,"comment_status":"open","ping_status":"closed","template":"","meta":[],"product_cat":[25,146,147],"product_tag":[],"class_list":{"0":"post-19713","1":"product","2":"type-product","3":"status-publish","4":"has-post-thumbnail","6":"product_cat-chromatographie","7":"product_cat-gaschromatographie-gc","8":"product_cat-gc-saeulen","10":"first","11":"instock","12":"shipping-taxable","13":"product-type-simple"},"_links":{"self":[{"href":"https:\/\/eam-scientific.com\/de\/wp-json\/wp\/v2\/product\/19713","targetHints":{"allow":["GET"]}}],"collection":[{"href":"https:\/\/eam-scientific.com\/de\/wp-json\/wp\/v2\/product"}],"about":[{"href":"https:\/\/eam-scientific.com\/de\/wp-json\/wp\/v2\/types\/product"}],"replies":[{"embeddable":true,"href":"https:\/\/eam-scientific.com\/de\/wp-json\/wp\/v2\/comments?post=19713"}],"wp:featuredmedia":[{"embeddable":true,"href":"https:\/\/eam-scientific.com\/de\/wp-json\/wp\/v2\/media\/19732"}],"wp:attachment":[{"href":"https:\/\/eam-scientific.com\/de\/wp-json\/wp\/v2\/media?parent=19713"}],"wp:term":[{"taxonomy":"product_cat","embeddable":true,"href":"https:\/\/eam-scientific.com\/de\/wp-json\/wp\/v2\/product_cat?post=19713"},{"taxonomy":"product_tag","embeddable":true,"href":"https:\/\/eam-scientific.com\/de\/wp-json\/wp\/v2\/product_tag?post=19713"}],"curies":[{"name":"wp","href":"https:\/\/api.w.org\/{rel}","templated":true}]}}