{"id":19714,"date":"2024-07-07T22:12:48","date_gmt":"2024-07-07T20:12:48","guid":{"rendered":"https:\/\/eam-scientific.com\/?post_type=product&#038;p=19714"},"modified":"2024-07-07T22:12:51","modified_gmt":"2024-07-07T20:12:51","slug":"gc-saeule-gering-mittelpolar-optima-1301-ms-30-m-l-025-mm-id-025-%c2%b5m-df","status":"publish","type":"product","link":"https:\/\/eam-scientific.com\/de\/produkt\/gc-saeule-gering-mittelpolar-optima-1301-ms-30-m-l-025-mm-id-025-%c2%b5m-df\/","title":{"rendered":"GC S\u00e4ule, gering\u2013mittelpolar, OPTIMA 1301 MS, 30 m L, 0,25 mm ID, 0,25 \u00b5m df"},"content":{"rendered":"<p>Hochleistungskapillars\u00e4ulen f\u00fcr die Gaschromatographie (GC), Silarylenphase mit geringstem Bluten: Polarit\u00e4t \u00e4hnlich 6 % Cyanopropylphenyl \u2013 94 % Dimethylpolysiloxan, mittelpolare GC-Phase f\u00fcr die Umweltanalytik, entspricht der USP G43. 100 % Ionenfallen- und Quadrupol-MS-Kompatibilit\u00e4t. Besonders geeignet f\u00fcr anspruchsvolle Umweltanalysen (z.B. EPA-Methoden f\u00fcr PAK, PCB und Pestizide). \u00c4hnliche Phasen: VF-1301ms, Rxi-1301Sil MS, TG-1301MS<\/p>\n","protected":false},"excerpt":{"rendered":"<p>Hochleistungskapillars\u00e4ulen f\u00fcr die Gaschromatographie (GC), Silarylenphase mit geringstem Bluten: Polarit\u00e4t \u00e4hnlich 6 % Cyanopropylphenyl \u2013 94 % Dimethylpolysiloxan, mittelpolare GC-Phase f\u00fcr die Umweltanalytik, entspricht der USP G43. 100 % Ionenfallen- und Quadrupol-MS-Kompatibilit\u00e4t. Besonders geeignet f\u00fcr anspruchsvolle Umweltanalysen (z.B. EPA-Methoden f\u00fcr PAK, PCB und Pestizide). \u00c4hnliche Phasen: VF-1301ms, Rxi-1301Sil MS, TG-1301MS<\/p>\n","protected":false},"featured_media":19735,"comment_status":"open","ping_status":"closed","template":"","meta":[],"product_cat":[25,146,147],"product_tag":[],"class_list":{"0":"post-19714","1":"product","2":"type-product","3":"status-publish","4":"has-post-thumbnail","6":"product_cat-chromatographie","7":"product_cat-gaschromatographie-gc","8":"product_cat-gc-saeulen","10":"first","11":"instock","12":"shipping-taxable","13":"product-type-simple"},"_links":{"self":[{"href":"https:\/\/eam-scientific.com\/de\/wp-json\/wp\/v2\/product\/19714","targetHints":{"allow":["GET"]}}],"collection":[{"href":"https:\/\/eam-scientific.com\/de\/wp-json\/wp\/v2\/product"}],"about":[{"href":"https:\/\/eam-scientific.com\/de\/wp-json\/wp\/v2\/types\/product"}],"replies":[{"embeddable":true,"href":"https:\/\/eam-scientific.com\/de\/wp-json\/wp\/v2\/comments?post=19714"}],"wp:featuredmedia":[{"embeddable":true,"href":"https:\/\/eam-scientific.com\/de\/wp-json\/wp\/v2\/media\/19735"}],"wp:attachment":[{"href":"https:\/\/eam-scientific.com\/de\/wp-json\/wp\/v2\/media?parent=19714"}],"wp:term":[{"taxonomy":"product_cat","embeddable":true,"href":"https:\/\/eam-scientific.com\/de\/wp-json\/wp\/v2\/product_cat?post=19714"},{"taxonomy":"product_tag","embeddable":true,"href":"https:\/\/eam-scientific.com\/de\/wp-json\/wp\/v2\/product_tag?post=19714"}],"curies":[{"name":"wp","href":"https:\/\/api.w.org\/{rel}","templated":true}]}}