{"id":19718,"date":"2024-07-07T22:12:48","date_gmt":"2024-07-07T20:12:48","guid":{"rendered":"https:\/\/eam-scientific.com\/?post_type=product&#038;p=19718"},"modified":"2024-07-07T22:12:55","modified_gmt":"2024-07-07T20:12:55","slug":"gc-saeule-fuer-fames-optima-biodiesel-f-30-m-l-025-mm-id-proprietaere-df","status":"publish","type":"product","link":"https:\/\/eam-scientific.com\/de\/produkt\/gc-saeule-fuer-fames-optima-biodiesel-f-30-m-l-025-mm-id-proprietaere-df\/","title":{"rendered":"GC S\u00e4ule, f\u00fcr FAMEs, OPTIMA BioDiesel F, 30 m L, 0,25 mm ID, propriet\u00e4re df"},"content":{"rendered":"<p>Hochleistungskapillars\u00e4ulen f\u00fcr die Gaschromatographie (GC). OPTIMA BioDiesel F ist eine spezielle GC-Phase zur Analyse von FAMEs nach DIN EN 14103 -2011. Die Analyse von Biodiesel erfordert die Trennung typischer FAMEs zwischen Myristins\u00e4ure- (C14) und Nervons\u00e4ure- (C24 -1) Methylestern. Diese Analyse ist auf OPTIMA BioDiesel F in nur 22 Minuten m\u00f6glich. Auch die Konzentration von Linolens\u00e4uremethylester ist durch die gute Aufl\u00f6sung leicht bestimmbar. Die erweiterte Norm DIN EN 14103 -2011 umfasst auch kleinere FAMEs ab C6. Der Wechsel des internen Standards von C17 auf C19 erlaubt auch die Analyse von tierischen Fetten.<\/p>\n","protected":false},"excerpt":{"rendered":"<p>Hochleistungskapillars\u00e4ulen f\u00fcr die Gaschromatographie (GC). OPTIMA BioDiesel F ist eine spezielle GC-Phase zur Analyse von FAMEs nach DIN EN 14103 -2011. Die Analyse von Biodiesel erfordert die Trennung typischer FAMEs zwischen Myristins\u00e4ure- (C14) und Nervons\u00e4ure- (C24 -1) Methylestern. Diese Analyse ist auf OPTIMA BioDiesel F in nur 22 Minuten m\u00f6glich. Auch die Konzentration von Linolens\u00e4uremethylester [&hellip;]<\/p>\n","protected":false},"featured_media":19747,"comment_status":"open","ping_status":"closed","template":"","meta":[],"product_cat":[25,146,147],"product_tag":[],"class_list":{"0":"post-19718","1":"product","2":"type-product","3":"status-publish","4":"has-post-thumbnail","6":"product_cat-chromatographie","7":"product_cat-gaschromatographie-gc","8":"product_cat-gc-saeulen","10":"first","11":"instock","12":"shipping-taxable","13":"product-type-simple"},"_links":{"self":[{"href":"https:\/\/eam-scientific.com\/de\/wp-json\/wp\/v2\/product\/19718","targetHints":{"allow":["GET"]}}],"collection":[{"href":"https:\/\/eam-scientific.com\/de\/wp-json\/wp\/v2\/product"}],"about":[{"href":"https:\/\/eam-scientific.com\/de\/wp-json\/wp\/v2\/types\/product"}],"replies":[{"embeddable":true,"href":"https:\/\/eam-scientific.com\/de\/wp-json\/wp\/v2\/comments?post=19718"}],"wp:featuredmedia":[{"embeddable":true,"href":"https:\/\/eam-scientific.com\/de\/wp-json\/wp\/v2\/media\/19747"}],"wp:attachment":[{"href":"https:\/\/eam-scientific.com\/de\/wp-json\/wp\/v2\/media?parent=19718"}],"wp:term":[{"taxonomy":"product_cat","embeddable":true,"href":"https:\/\/eam-scientific.com\/de\/wp-json\/wp\/v2\/product_cat?post=19718"},{"taxonomy":"product_tag","embeddable":true,"href":"https:\/\/eam-scientific.com\/de\/wp-json\/wp\/v2\/product_tag?post=19718"}],"curies":[{"name":"wp","href":"https:\/\/api.w.org\/{rel}","templated":true}]}}