{"id":19719,"date":"2024-07-07T22:12:48","date_gmt":"2024-07-07T20:12:48","guid":{"rendered":"https:\/\/eam-scientific.com\/?post_type=product&#038;p=19719"},"modified":"2024-07-07T22:12:56","modified_gmt":"2024-07-07T20:12:56","slug":"gc-saeule-fuer-glycerin-optima-biodiesel-g-10-m-l-025-mm-id-proprietaere-df","status":"publish","type":"product","link":"https:\/\/eam-scientific.com\/de\/produkt\/gc-saeule-fuer-glycerin-optima-biodiesel-g-10-m-l-025-mm-id-proprietaere-df\/","title":{"rendered":"GC S\u00e4ule, f\u00fcr Glycerin, OPTIMA BioDiesel G, 10 m L, 0,25 mm ID, propriet\u00e4re df"},"content":{"rendered":"<p>Hochleistungskapillars\u00e4ulen f\u00fcr die Gaschromatographie (GC). Die Kapillars\u00e4ule OPTIMA BioDiesel G erm\u00f6glicht die Bestimmung von freiem Glycerin und Resten von Mono-, Di- und Triglyceriden in FAMEs, die als Additive f\u00fcr Mineral\u00f6le bestimmt sind. Das Verfahren kann f\u00fcr FAMEs aus Raps\u00f6l (Raps\u00f6l), Sonnenblumen\u00f6l und Soja\u00f6l angewendet werden. Glycerin sowie Mono- und Diglyceride werden durch Zugabe von MSTFA in Gegenwart von Pyridin zu leichter fl\u00fcchtigen Substanzen derivatisiert.<\/p>\n","protected":false},"excerpt":{"rendered":"<p>Hochleistungskapillars\u00e4ulen f\u00fcr die Gaschromatographie (GC). Die Kapillars\u00e4ule OPTIMA BioDiesel G erm\u00f6glicht die Bestimmung von freiem Glycerin und Resten von Mono-, Di- und Triglyceriden in FAMEs, die als Additive f\u00fcr Mineral\u00f6le bestimmt sind. Das Verfahren kann f\u00fcr FAMEs aus Raps\u00f6l (Raps\u00f6l), Sonnenblumen\u00f6l und Soja\u00f6l angewendet werden. Glycerin sowie Mono- und Diglyceride werden durch Zugabe von MSTFA [&hellip;]<\/p>\n","protected":false},"featured_media":19750,"comment_status":"open","ping_status":"closed","template":"","meta":[],"product_cat":[25,146,147],"product_tag":[],"class_list":{"0":"post-19719","1":"product","2":"type-product","3":"status-publish","4":"has-post-thumbnail","6":"product_cat-chromatographie","7":"product_cat-gaschromatographie-gc","8":"product_cat-gc-saeulen","10":"first","11":"instock","12":"shipping-taxable","13":"product-type-simple"},"_links":{"self":[{"href":"https:\/\/eam-scientific.com\/de\/wp-json\/wp\/v2\/product\/19719","targetHints":{"allow":["GET"]}}],"collection":[{"href":"https:\/\/eam-scientific.com\/de\/wp-json\/wp\/v2\/product"}],"about":[{"href":"https:\/\/eam-scientific.com\/de\/wp-json\/wp\/v2\/types\/product"}],"replies":[{"embeddable":true,"href":"https:\/\/eam-scientific.com\/de\/wp-json\/wp\/v2\/comments?post=19719"}],"wp:featuredmedia":[{"embeddable":true,"href":"https:\/\/eam-scientific.com\/de\/wp-json\/wp\/v2\/media\/19750"}],"wp:attachment":[{"href":"https:\/\/eam-scientific.com\/de\/wp-json\/wp\/v2\/media?parent=19719"}],"wp:term":[{"taxonomy":"product_cat","embeddable":true,"href":"https:\/\/eam-scientific.com\/de\/wp-json\/wp\/v2\/product_cat?post=19719"},{"taxonomy":"product_tag","embeddable":true,"href":"https:\/\/eam-scientific.com\/de\/wp-json\/wp\/v2\/product_tag?post=19719"}],"curies":[{"name":"wp","href":"https:\/\/api.w.org\/{rel}","templated":true}]}}