{"id":19720,"date":"2024-07-07T22:12:48","date_gmt":"2024-07-07T20:12:48","guid":{"rendered":"https:\/\/eam-scientific.com\/?post_type=product&#038;p=19720"},"modified":"2024-07-07T22:12:57","modified_gmt":"2024-07-07T20:12:57","slug":"gc-saeule-fuer-methanol-optima-biodiesel-m-30-m-l-032-mm-id-proprietaere-df","status":"publish","type":"product","link":"https:\/\/eam-scientific.com\/de\/produkt\/gc-saeule-fuer-methanol-optima-biodiesel-m-30-m-l-032-mm-id-proprietaere-df\/","title":{"rendered":"GC S\u00e4ule, f\u00fcr Methanol, OPTIMA BioDiesel M, 30 m L, 0,32 mm ID, propriet\u00e4re df"},"content":{"rendered":"<p>Hochleistungskapillars\u00e4ulen f\u00fcr die Gaschromatographie (GC). OPTIMA BioDiesel M ist eine spezielle GC-Phase zur Analyse von Methanol nach DIN EN 14110.&#038;nbsp,Die GC-S\u00e4ule OPTIMA BioDiesel M erm\u00f6glicht die GC Headspace-Analyse des Methanolgehalts in Biodiesel im Konzentrationsbereich von 0,01 bis 0,5 % mit 2-Propanol als internem Standard.&#038;nbsp,\u00c4hnliche Phasen: Select Biodiesel for Methanol, Trace TR-BioDiesel (M)<\/p>\n","protected":false},"excerpt":{"rendered":"<p>Hochleistungskapillars\u00e4ulen f\u00fcr die Gaschromatographie (GC). OPTIMA BioDiesel M ist eine spezielle GC-Phase zur Analyse von Methanol nach DIN EN 14110.&#038;nbsp,Die GC-S\u00e4ule OPTIMA BioDiesel M erm\u00f6glicht die GC Headspace-Analyse des Methanolgehalts in Biodiesel im Konzentrationsbereich von 0,01 bis 0,5 % mit 2-Propanol als internem Standard.&#038;nbsp,\u00c4hnliche Phasen: Select Biodiesel for Methanol, Trace TR-BioDiesel (M)<\/p>\n","protected":false},"featured_media":19753,"comment_status":"open","ping_status":"closed","template":"","meta":[],"product_cat":[25,146,147],"product_tag":[],"class_list":{"0":"post-19720","1":"product","2":"type-product","3":"status-publish","4":"has-post-thumbnail","6":"product_cat-chromatographie","7":"product_cat-gaschromatographie-gc","8":"product_cat-gc-saeulen","10":"first","11":"instock","12":"shipping-taxable","13":"product-type-simple"},"_links":{"self":[{"href":"https:\/\/eam-scientific.com\/de\/wp-json\/wp\/v2\/product\/19720","targetHints":{"allow":["GET"]}}],"collection":[{"href":"https:\/\/eam-scientific.com\/de\/wp-json\/wp\/v2\/product"}],"about":[{"href":"https:\/\/eam-scientific.com\/de\/wp-json\/wp\/v2\/types\/product"}],"replies":[{"embeddable":true,"href":"https:\/\/eam-scientific.com\/de\/wp-json\/wp\/v2\/comments?post=19720"}],"wp:featuredmedia":[{"embeddable":true,"href":"https:\/\/eam-scientific.com\/de\/wp-json\/wp\/v2\/media\/19753"}],"wp:attachment":[{"href":"https:\/\/eam-scientific.com\/de\/wp-json\/wp\/v2\/media?parent=19720"}],"wp:term":[{"taxonomy":"product_cat","embeddable":true,"href":"https:\/\/eam-scientific.com\/de\/wp-json\/wp\/v2\/product_cat?post=19720"},{"taxonomy":"product_tag","embeddable":true,"href":"https:\/\/eam-scientific.com\/de\/wp-json\/wp\/v2\/product_tag?post=19720"}],"curies":[{"name":"wp","href":"https:\/\/api.w.org\/{rel}","templated":true}]}}