{"id":19723,"date":"2024-07-07T22:12:49","date_gmt":"2024-07-07T20:12:49","guid":{"rendered":"https:\/\/eam-scientific.com\/?post_type=product&#038;p=19723"},"modified":"2024-07-07T22:13:00","modified_gmt":"2024-07-07T20:13:00","slug":"gc-saeule-gering-mittelpolar-optima-delta-3-60-m-l-025-mm-id-025-%c2%b5m-df","status":"publish","type":"product","link":"https:\/\/eam-scientific.com\/de\/produkt\/gc-saeule-gering-mittelpolar-optima-delta-3-60-m-l-025-mm-id-025-%c2%b5m-df\/","title":{"rendered":"GC S\u00e4ule, gering\u2013mittelpolar, OPTIMA DELTA-3, 60 m L, 0,25 mm ID, 0,25 \u00b5m df"},"content":{"rendered":"<p>Hochleistungskapillars\u00e4ulen f\u00fcr die Gaschromatographie (GC). Diese Polysiloxanphase mit Autoselektivit\u00e4t entspricht USP G49. Es handelt sich um eine mittel-polare GC-Phase ohne CN-Gruppen. Die Autoselektivit\u00e4t (Analyten bestimmen die Polarit\u00e4t der Phase) f\u00fchrt zu einem Polarit\u00e4tsbereich von etwa der unpolaren OPTIMA 5 bis zur mittelpolaren OPTIMA 1701. Einzigartig von MN, keine \u00e4hnliche Phase. Ideal f\u00fcr Stickstoffphosphor- (NP\/PN) und MS-Detektoren.<\/p>\n","protected":false},"excerpt":{"rendered":"<p>Hochleistungskapillars\u00e4ulen f\u00fcr die Gaschromatographie (GC). Diese Polysiloxanphase mit Autoselektivit\u00e4t entspricht USP G49. Es handelt sich um eine mittel-polare GC-Phase ohne CN-Gruppen. Die Autoselektivit\u00e4t (Analyten bestimmen die Polarit\u00e4t der Phase) f\u00fchrt zu einem Polarit\u00e4tsbereich von etwa der unpolaren OPTIMA 5 bis zur mittelpolaren OPTIMA 1701. Einzigartig von MN, keine \u00e4hnliche Phase. Ideal f\u00fcr Stickstoffphosphor- (NP\/PN) und [&hellip;]<\/p>\n","protected":false},"featured_media":19762,"comment_status":"open","ping_status":"closed","template":"","meta":[],"product_cat":[25,146,147],"product_tag":[],"class_list":{"0":"post-19723","1":"product","2":"type-product","3":"status-publish","4":"has-post-thumbnail","6":"product_cat-chromatographie","7":"product_cat-gaschromatographie-gc","8":"product_cat-gc-saeulen","10":"first","11":"instock","12":"shipping-taxable","13":"product-type-simple"},"_links":{"self":[{"href":"https:\/\/eam-scientific.com\/de\/wp-json\/wp\/v2\/product\/19723","targetHints":{"allow":["GET"]}}],"collection":[{"href":"https:\/\/eam-scientific.com\/de\/wp-json\/wp\/v2\/product"}],"about":[{"href":"https:\/\/eam-scientific.com\/de\/wp-json\/wp\/v2\/types\/product"}],"replies":[{"embeddable":true,"href":"https:\/\/eam-scientific.com\/de\/wp-json\/wp\/v2\/comments?post=19723"}],"wp:featuredmedia":[{"embeddable":true,"href":"https:\/\/eam-scientific.com\/de\/wp-json\/wp\/v2\/media\/19762"}],"wp:attachment":[{"href":"https:\/\/eam-scientific.com\/de\/wp-json\/wp\/v2\/media?parent=19723"}],"wp:term":[{"taxonomy":"product_cat","embeddable":true,"href":"https:\/\/eam-scientific.com\/de\/wp-json\/wp\/v2\/product_cat?post=19723"},{"taxonomy":"product_tag","embeddable":true,"href":"https:\/\/eam-scientific.com\/de\/wp-json\/wp\/v2\/product_tag?post=19723"}],"curies":[{"name":"wp","href":"https:\/\/api.w.org\/{rel}","templated":true}]}}