{"id":19862,"date":"2024-07-07T22:13:26","date_gmt":"2024-07-07T20:13:26","guid":{"rendered":"https:\/\/eam-scientific.com\/?post_type=product&#038;p=19862"},"modified":"2024-07-07T22:13:29","modified_gmt":"2024-07-07T20:13:29","slug":"gc-saeule-polar-fuer-amine-cw-20-m-am-25-m-l-053-mm-id-1-%c2%b5m-df","status":"publish","type":"product","link":"https:\/\/eam-scientific.com\/de\/produkt\/gc-saeule-polar-fuer-amine-cw-20-m-am-25-m-l-053-mm-id-1-%c2%b5m-df\/","title":{"rendered":"GC S\u00e4ule, polar, f\u00fcr Amine, CW 20-M-AM, 25 m L, 0,53 mm ID, 1 \u00b5m df"},"content":{"rendered":"<p>Kapillars\u00e4ulen f\u00fcr die Gaschromatographie (GC). Polyethylenglykol GC-Phase (entspricht USP G16) grundlegend f\u00fcr Amin-Auftrennungen.<\/p>\n","protected":false},"excerpt":{"rendered":"<p>Kapillars\u00e4ulen f\u00fcr die Gaschromatographie (GC). Polyethylenglykol GC-Phase (entspricht USP G16) grundlegend f\u00fcr Amin-Auftrennungen.<\/p>\n","protected":false},"featured_media":19874,"comment_status":"open","ping_status":"closed","template":"","meta":[],"product_cat":[25,146,147],"product_tag":[],"class_list":{"0":"post-19862","1":"product","2":"type-product","3":"status-publish","4":"has-post-thumbnail","6":"product_cat-chromatographie","7":"product_cat-gaschromatographie-gc","8":"product_cat-gc-saeulen","10":"first","11":"instock","12":"shipping-taxable","13":"product-type-simple"},"_links":{"self":[{"href":"https:\/\/eam-scientific.com\/de\/wp-json\/wp\/v2\/product\/19862","targetHints":{"allow":["GET"]}}],"collection":[{"href":"https:\/\/eam-scientific.com\/de\/wp-json\/wp\/v2\/product"}],"about":[{"href":"https:\/\/eam-scientific.com\/de\/wp-json\/wp\/v2\/types\/product"}],"replies":[{"embeddable":true,"href":"https:\/\/eam-scientific.com\/de\/wp-json\/wp\/v2\/comments?post=19862"}],"wp:featuredmedia":[{"embeddable":true,"href":"https:\/\/eam-scientific.com\/de\/wp-json\/wp\/v2\/media\/19874"}],"wp:attachment":[{"href":"https:\/\/eam-scientific.com\/de\/wp-json\/wp\/v2\/media?parent=19862"}],"wp:term":[{"taxonomy":"product_cat","embeddable":true,"href":"https:\/\/eam-scientific.com\/de\/wp-json\/wp\/v2\/product_cat?post=19862"},{"taxonomy":"product_tag","embeddable":true,"href":"https:\/\/eam-scientific.com\/de\/wp-json\/wp\/v2\/product_tag?post=19862"}],"curies":[{"name":"wp","href":"https:\/\/api.w.org\/{rel}","templated":true}]}}