{"id":19864,"date":"2024-07-07T22:13:27","date_gmt":"2024-07-07T20:13:27","guid":{"rendered":"https:\/\/eam-scientific.com\/?post_type=product&#038;p=19864"},"modified":"2024-07-07T22:13:32","modified_gmt":"2024-07-07T20:13:32","slug":"gc-saeule-mittelpolar-optima-17-30-m-l-032-mm-id-015-%c2%b5m-df","status":"publish","type":"product","link":"https:\/\/eam-scientific.com\/de\/produkt\/gc-saeule-mittelpolar-optima-17-30-m-l-032-mm-id-015-%c2%b5m-df\/","title":{"rendered":"GC S\u00e4ule, mittelpolar, OPTIMA 17, 30 m L, 0,32 mm ID, 0,15 \u00b5m df"},"content":{"rendered":"<p>Hochleistungskapillars\u00e4ulen f\u00fcr die Gaschromatographie (GC), Phenylmethylpolysiloxan (50 % Phenyl), mittelpolare GC-Phase, erf\u00fcllen USP G3. \u00c4hnliche Phasen:OV-17, DB-17, HP-50+, HP-17, SPB-50, SP-2250, Rtx-50, Rxi-17, CP-Sil 24 CB, 007-17, ZB-50<\/p>\n","protected":false},"excerpt":{"rendered":"<p>Hochleistungskapillars\u00e4ulen f\u00fcr die Gaschromatographie (GC), Phenylmethylpolysiloxan (50 % Phenyl), mittelpolare GC-Phase, erf\u00fcllen USP G3. \u00c4hnliche Phasen:OV-17, DB-17, HP-50+, HP-17, SPB-50, SP-2250, Rtx-50, Rxi-17, CP-Sil 24 CB, 007-17, ZB-50<\/p>\n","protected":false},"featured_media":19880,"comment_status":"open","ping_status":"closed","template":"","meta":[],"product_cat":[25,146,147],"product_tag":[],"class_list":{"0":"post-19864","1":"product","2":"type-product","3":"status-publish","4":"has-post-thumbnail","6":"product_cat-chromatographie","7":"product_cat-gaschromatographie-gc","8":"product_cat-gc-saeulen","10":"first","11":"instock","12":"shipping-taxable","13":"product-type-simple"},"_links":{"self":[{"href":"https:\/\/eam-scientific.com\/de\/wp-json\/wp\/v2\/product\/19864","targetHints":{"allow":["GET"]}}],"collection":[{"href":"https:\/\/eam-scientific.com\/de\/wp-json\/wp\/v2\/product"}],"about":[{"href":"https:\/\/eam-scientific.com\/de\/wp-json\/wp\/v2\/types\/product"}],"replies":[{"embeddable":true,"href":"https:\/\/eam-scientific.com\/de\/wp-json\/wp\/v2\/comments?post=19864"}],"wp:featuredmedia":[{"embeddable":true,"href":"https:\/\/eam-scientific.com\/de\/wp-json\/wp\/v2\/media\/19880"}],"wp:attachment":[{"href":"https:\/\/eam-scientific.com\/de\/wp-json\/wp\/v2\/media?parent=19864"}],"wp:term":[{"taxonomy":"product_cat","embeddable":true,"href":"https:\/\/eam-scientific.com\/de\/wp-json\/wp\/v2\/product_cat?post=19864"},{"taxonomy":"product_tag","embeddable":true,"href":"https:\/\/eam-scientific.com\/de\/wp-json\/wp\/v2\/product_tag?post=19864"}],"curies":[{"name":"wp","href":"https:\/\/api.w.org\/{rel}","templated":true}]}}