{"id":19867,"date":"2024-07-07T22:13:27","date_gmt":"2024-07-07T20:13:27","guid":{"rendered":"https:\/\/eam-scientific.com\/?post_type=product&#038;p=19867"},"modified":"2024-07-07T22:13:35","modified_gmt":"2024-07-07T20:13:35","slug":"gc-saeule-mittelpolar-optima-624-lb-50-m-l-032-mm-id-18-%c2%b5m-df","status":"publish","type":"product","link":"https:\/\/eam-scientific.com\/de\/produkt\/gc-saeule-mittelpolar-optima-624-lb-50-m-l-032-mm-id-18-%c2%b5m-df\/","title":{"rendered":"GC S\u00e4ule, mittelpolar, OPTIMA 624 LB, 50 m L, 0,32 mm ID, 1,8 \u00b5m df"},"content":{"rendered":"<p>Hochleistungskapillars\u00e4ulen f\u00fcr die Gaschromatographie (GC), 6 % Cyanopropylphenyl &#8211; 94 % Dimethylpolysiloxan, geringes Bluten, mittelpolare GC-Phase, erf\u00fcllt USP G43. Diese gering blutende S\u00e4ule wird h\u00e4ufig f\u00fcr halogenierte Kohlenwasserstoffe, fl\u00fcchtige Stoffe, Aromaten, L\u00f6semittel und Blutalkoholanalysen eingesetzt. \u00c4hnliche Phasen:HP-624, HP-VOC, DB-624, DB-VRX, SPB-624, CP-624, Rtx-624, Rtx-Volatiles, 007-624, BP624, VOCOL<\/p>\n","protected":false},"excerpt":{"rendered":"<p>Hochleistungskapillars\u00e4ulen f\u00fcr die Gaschromatographie (GC), 6 % Cyanopropylphenyl &#8211; 94 % Dimethylpolysiloxan, geringes Bluten, mittelpolare GC-Phase, erf\u00fcllt USP G43. Diese gering blutende S\u00e4ule wird h\u00e4ufig f\u00fcr halogenierte Kohlenwasserstoffe, fl\u00fcchtige Stoffe, Aromaten, L\u00f6semittel und Blutalkoholanalysen eingesetzt. \u00c4hnliche Phasen:HP-624, HP-VOC, DB-624, DB-VRX, SPB-624, CP-624, Rtx-624, Rtx-Volatiles, 007-624, BP624, VOCOL<\/p>\n","protected":false},"featured_media":19889,"comment_status":"open","ping_status":"closed","template":"","meta":[],"product_cat":[25,146,147],"product_tag":[],"class_list":{"0":"post-19867","1":"product","2":"type-product","3":"status-publish","4":"has-post-thumbnail","6":"product_cat-chromatographie","7":"product_cat-gaschromatographie-gc","8":"product_cat-gc-saeulen","10":"first","11":"instock","12":"shipping-taxable","13":"product-type-simple"},"_links":{"self":[{"href":"https:\/\/eam-scientific.com\/de\/wp-json\/wp\/v2\/product\/19867","targetHints":{"allow":["GET"]}}],"collection":[{"href":"https:\/\/eam-scientific.com\/de\/wp-json\/wp\/v2\/product"}],"about":[{"href":"https:\/\/eam-scientific.com\/de\/wp-json\/wp\/v2\/types\/product"}],"replies":[{"embeddable":true,"href":"https:\/\/eam-scientific.com\/de\/wp-json\/wp\/v2\/comments?post=19867"}],"wp:featuredmedia":[{"embeddable":true,"href":"https:\/\/eam-scientific.com\/de\/wp-json\/wp\/v2\/media\/19889"}],"wp:attachment":[{"href":"https:\/\/eam-scientific.com\/de\/wp-json\/wp\/v2\/media?parent=19867"}],"wp:term":[{"taxonomy":"product_cat","embeddable":true,"href":"https:\/\/eam-scientific.com\/de\/wp-json\/wp\/v2\/product_cat?post=19867"},{"taxonomy":"product_tag","embeddable":true,"href":"https:\/\/eam-scientific.com\/de\/wp-json\/wp\/v2\/product_tag?post=19867"}],"curies":[{"name":"wp","href":"https:\/\/api.w.org\/{rel}","templated":true}]}}