{"id":19898,"date":"2024-07-07T22:13:36","date_gmt":"2024-07-07T20:13:36","guid":{"rendered":"https:\/\/eam-scientific.com\/?post_type=product&#038;p=19898"},"modified":"2024-07-07T22:13:44","modified_gmt":"2024-07-07T20:13:44","slug":"gc-saeule-hydrodex-beta-tbdac-50-m-l-025-mm-id-proprietaere-df","status":"publish","type":"product","link":"https:\/\/eam-scientific.com\/de\/produkt\/gc-saeule-hydrodex-beta-tbdac-50-m-l-025-mm-id-proprietaere-df\/","title":{"rendered":"GC S\u00e4ule, HYDRODEX BETA-TBDAc, 50 m L, 0,25 mm ID, propriet\u00e4re df"},"content":{"rendered":"<p>Kapillars\u00e4ulen zur GC-Enantiomerentrennung. Die HYDRODEX-Cyclodextrinphasen bestehen aus zyklischen Oligosacchariden aus sieben (\u03b2-Cyclodextrin) oder acht (\u03b3-Cyclodextrin) Glucoseeinheiten, die \u00fcber \u03b1-1,4-Verkn\u00fcpfungen verbunden sind. Die regioselektive Derivatisierung der Hydroxylgruppen ergibt Phasen unterschiedlicher Enantioselektivit\u00e4t, die sich gut zur GC-Enantiomeranalytik eignen. Aufgrund des hohen Schmelzpunktes der HYDRODEX-Phasen werden sie mit Polysiloxanen verd\u00fcnnt. Wichtiger Vorteil der Cyclodextrinphasen &#8211; viele Verbindungen k\u00f6nnen ohne Derivatisierung analysiert werden (bei bestimmten Substanzen kann die Enantioselektivit\u00e4t jedoch durch die Bildung von Derivaten positiv beeinflusst werden). Eine gro\u00dfe Anzahl von erfolgreichen Trennungen wurde erreicht, jedoch ist keine allgemeine Vorhersage m\u00f6glich, welche Phase f\u00fcr eine bestimmte Trennung geeignet ist. Selbst bei Verbindungen mit kleinen strukturellen Unterschieden oder innerhalb homologer Reihen kann die Enantiodifferenzierung sehr unterschiedlich sein. <\/p>\n","protected":false},"excerpt":{"rendered":"<p>Kapillars\u00e4ulen zur GC-Enantiomerentrennung. Die HYDRODEX-Cyclodextrinphasen bestehen aus zyklischen Oligosacchariden aus sieben (\u03b2-Cyclodextrin) oder acht (\u03b3-Cyclodextrin) Glucoseeinheiten, die \u00fcber \u03b1-1,4-Verkn\u00fcpfungen verbunden sind. Die regioselektive Derivatisierung der Hydroxylgruppen ergibt Phasen unterschiedlicher Enantioselektivit\u00e4t, die sich gut zur GC-Enantiomeranalytik eignen. Aufgrund des hohen Schmelzpunktes der HYDRODEX-Phasen werden sie mit Polysiloxanen verd\u00fcnnt. Wichtiger Vorteil der Cyclodextrinphasen &#8211; viele Verbindungen k\u00f6nnen [&hellip;]<\/p>\n","protected":false},"featured_media":19919,"comment_status":"open","ping_status":"closed","template":"","meta":[],"product_cat":[25,146,147],"product_tag":[],"class_list":{"0":"post-19898","1":"product","2":"type-product","3":"status-publish","4":"has-post-thumbnail","6":"product_cat-chromatographie","7":"product_cat-gaschromatographie-gc","8":"product_cat-gc-saeulen","10":"first","11":"instock","12":"shipping-taxable","13":"product-type-simple"},"_links":{"self":[{"href":"https:\/\/eam-scientific.com\/de\/wp-json\/wp\/v2\/product\/19898","targetHints":{"allow":["GET"]}}],"collection":[{"href":"https:\/\/eam-scientific.com\/de\/wp-json\/wp\/v2\/product"}],"about":[{"href":"https:\/\/eam-scientific.com\/de\/wp-json\/wp\/v2\/types\/product"}],"replies":[{"embeddable":true,"href":"https:\/\/eam-scientific.com\/de\/wp-json\/wp\/v2\/comments?post=19898"}],"wp:featuredmedia":[{"embeddable":true,"href":"https:\/\/eam-scientific.com\/de\/wp-json\/wp\/v2\/media\/19919"}],"wp:attachment":[{"href":"https:\/\/eam-scientific.com\/de\/wp-json\/wp\/v2\/media?parent=19898"}],"wp:term":[{"taxonomy":"product_cat","embeddable":true,"href":"https:\/\/eam-scientific.com\/de\/wp-json\/wp\/v2\/product_cat?post=19898"},{"taxonomy":"product_tag","embeddable":true,"href":"https:\/\/eam-scientific.com\/de\/wp-json\/wp\/v2\/product_tag?post=19898"}],"curies":[{"name":"wp","href":"https:\/\/api.w.org\/{rel}","templated":true}]}}