{"id":20011,"date":"2024-07-07T22:14:06","date_gmt":"2024-07-07T20:14:06","guid":{"rendered":"https:\/\/eam-scientific.com\/?post_type=product&#038;p=20011"},"modified":"2024-07-07T22:14:09","modified_gmt":"2024-07-07T20:14:09","slug":"desaktivierte-kapillarsaeulen-vorsaeulen-cw-polar-3","status":"publish","type":"product","link":"https:\/\/eam-scientific.com\/de\/produkt\/desaktivierte-kapillarsaeulen-vorsaeulen-cw-polar-3\/","title":{"rendered":"Desaktivierte Kapillars\u00e4ulen (Vors\u00e4ulen), CW, polar"},"content":{"rendered":"<p>Desaktivierte Kapillars\u00e4ulen (Vors\u00e4ulen) mit Carbowax (CW, Polyethylenglykol, polar) Oberfl\u00e4che zum Schutz der analytischen S\u00e4ule vor Verunreinigungen und zur Verl\u00e4ngerung ihrer Lebensdauer.<\/p>\n","protected":false},"excerpt":{"rendered":"<p>Desaktivierte Kapillars\u00e4ulen (Vors\u00e4ulen) mit Carbowax (CW, Polyethylenglykol, polar) Oberfl\u00e4che zum Schutz der analytischen S\u00e4ule vor Verunreinigungen und zur Verl\u00e4ngerung ihrer Lebensdauer.<\/p>\n","protected":false},"featured_media":20031,"comment_status":"open","ping_status":"closed","template":"","meta":[],"product_cat":[25,146,148],"product_tag":[],"class_list":{"0":"post-20011","1":"product","2":"type-product","3":"status-publish","4":"has-post-thumbnail","6":"product_cat-chromatographie","7":"product_cat-gaschromatographie-gc","8":"product_cat-gc-vorsaeulen-und-retention-gaps","10":"first","11":"instock","12":"shipping-taxable","13":"product-type-simple"},"_links":{"self":[{"href":"https:\/\/eam-scientific.com\/de\/wp-json\/wp\/v2\/product\/20011","targetHints":{"allow":["GET"]}}],"collection":[{"href":"https:\/\/eam-scientific.com\/de\/wp-json\/wp\/v2\/product"}],"about":[{"href":"https:\/\/eam-scientific.com\/de\/wp-json\/wp\/v2\/types\/product"}],"replies":[{"embeddable":true,"href":"https:\/\/eam-scientific.com\/de\/wp-json\/wp\/v2\/comments?post=20011"}],"wp:featuredmedia":[{"embeddable":true,"href":"https:\/\/eam-scientific.com\/de\/wp-json\/wp\/v2\/media\/20031"}],"wp:attachment":[{"href":"https:\/\/eam-scientific.com\/de\/wp-json\/wp\/v2\/media?parent=20011"}],"wp:term":[{"taxonomy":"product_cat","embeddable":true,"href":"https:\/\/eam-scientific.com\/de\/wp-json\/wp\/v2\/product_cat?post=20011"},{"taxonomy":"product_tag","embeddable":true,"href":"https:\/\/eam-scientific.com\/de\/wp-json\/wp\/v2\/product_tag?post=20011"}],"curies":[{"name":"wp","href":"https:\/\/api.w.org\/{rel}","templated":true}]}}